{"id":158,"date":"2023-03-30T19:11:06","date_gmt":"2023-03-30T17:11:06","guid":{"rendered":"http:\/\/www.tourmi.co\/?page_id=158"},"modified":"2026-04-20T17:22:28","modified_gmt":"2026-04-20T15:22:28","slug":"tourmi-n-co","status":"publish","type":"page","link":"https:\/\/www.tourmi.co\/","title":{"rendered":"TourMI &lsquo;nCO"},"content":{"rendered":"\n<p class=\"has-text-align-center\"><strong>Edito Avril 2026<\/strong><\/p>\n\n\n\n<p class=\"has-text-align-center\">Nouvelles municipalit\u00e9s et heure d&rsquo;\u00e9t\u00e9, Avril le printanier est lanc\u00e9. Edito rapido, car le tunnel des bouclages de saison prochaine est bient\u00f4t dans notre dos.<br>Voici pour ce mois notre modjo, nos dossiers chauds et nos dates \u00e0 noter en m\u00e9mo&nbsp;:<br><br>&#8211; on <strong>commence <\/strong>le mois \u00e0 domicile pour l&rsquo;<a href=\"https:\/\/federation-octopus.org\/evenement\/rencontres-pros-doctopus-2026\/\"><strong>annuelle AG et les rencontres pros de la F\u00e9d\u00e9 Octopus<\/strong> les 1er &amp; 2 Avril au Metronum<\/a> toulousain, <\/p>\n\n\n\n<p class=\"has-text-align-center\">&#8211; nos <strong>prot\u00e9g\u00e9es d&rsquo;Osaka qui font du math-rock de meufs ( <a href=\"https:\/\/www.tourmi.co\/index.php\/musique\/paranoid-void\">Paranoid Void<\/a> )<\/strong> sont <strong>dispo pour des shows en France cocorico 2\u00e8me quinzaine d&rsquo;Octobre 26<\/strong>, et Emilie reste joignable ce mois-ci pour envoyer sous peu au Japon sa copie.&nbsp;<\/p>\n\n\n\n<p class=\"has-text-align-center\">&#8211; <strong>Emilie <\/strong>sera heureuse de vous retrouver-rencontrer en vrai pour la traditionnelle <strong><a href=\"https:\/\/www.printemps-bourges.com\/programmation-generale\/\">vir\u00e9e printani\u00e8re du Berry<\/a>, du 15 \u00e0 17 Avril<\/strong>. Et cette ann\u00e9e pour une fois, on plussoie et se r\u00e9jouit des 2 Occitans Ouest des Inou\u00efs : du bon n\u00e9o jazz qui joue avec les tarnais d&rsquo;<a href=\"https:\/\/www.printemps-bourges.com\/artiste\/odeza\/\">Odeza <\/a>( jeudi 16 \u00e0 13h30 au 22Est ) et de l&rsquo;\u00e9lectro modulaire de maxi-classe avec <a href=\"https:\/\/www.printemps-bourges.com\/artiste\/sukkube\/\">Sukkube <\/a>( mercredi 15 \u00e0 21h30 toujours au 22 Est )<\/p>\n\n\n\n<p class=\"has-text-align-center\">&#8211; <a href=\"https:\/\/www.tourmi.co\/index.php\/musique\/guillaume-poncelet\"><strong>Guillaume Poncelet<\/strong><\/a>, malgr\u00e9 son agenda tr\u00e8s charg\u00e9 et les prochain.e.s album et tourn\u00e9e de son acolyte Ga\u00ebl Faye, <strong>lance ce mois-ci <a href=\"https:\/\/www.youtube.com\/channel\/UC_r6JSufjQoZhSIoWGf561A\">ses lives YouTube sur sa cha\u00eene<\/a>, qui seront r\u00e9guliers<\/strong> et, sans grande surprise, de toute beaut\u00e9 et qualit\u00e9. Rendez-Vous pour ce <strong>1er Live YouTube le 24 Avril 2026 20h (GMT +1) <br>sur <a href=\"https:\/\/www.youtube.com\/watch?v=WYK8CZuxPmo\">ce lien<\/a><\/strong><\/p>\n\n\n\n<p class=\"has-text-align-center\">Le mois de <strong>Mai <\/strong>va bien vite arriver, avec son lot de premiers festivals et ses viaducs de jours f\u00e9ri\u00e9s ultra optimis\u00e9s cette ann\u00e9e, et nous, ce sera avec les <a href=\"https:\/\/www.jazzsouslespommiers.com\/artiste-2026\/?id=660725\/barrut-contra-fuYCcs-\"><strong>Barrut et leur 1er Jazz sous les Pommiers<\/strong> qu&rsquo;on d\u00e9marrera le prochain mois de Mai. <\/a><strong><a href=\"https:\/\/www.jazzsouslespommiers.com\/artiste-2026\/?id=660725\/barrut-contra-fuYCcs-\">(dimanche 10 \u00e0 14h30)<\/a> <\/strong>Aussi, c\u00f4t\u00e9 streaming, la sortie le 16 Mai d&rsquo;un <strong>nouveau single des <a href=\"https:\/\/www.tourmi.co\/index.php\/musique\/tangomotan\/\">Tangomot\u00e1n<\/a>,<\/strong> mani\u00e8re que vous vous rappeliez qu&rsquo;il est crucial de continuer \u00e0 danser au milieu du charmant contexte et son bourbier.<\/p>\n\n\n\n<p class=\"has-text-align-center\">Comme le dit un fameux po\u00e8te du Chili, et bien que l&rsquo;hiver nationaliste soit revenu jusque dans son pays, \u00a0\u00bb <strong>le printemps est inexorable<\/strong> \u00ab\u00a0. Et m\u00eame si les temps modernes peuvent para\u00eetre d\u00e9testables, t\u00e2chons de rester aussi soud\u00e9s qu&rsquo;affables.&nbsp;<\/p>\n\n\n\n<hr class=\"wp-block-separator has-alpha-channel-opacity\"\/>\n\n\n\n<figure class=\"wp-block-embed is-type-video is-provider-youtube wp-block-embed-youtube wp-embed-aspect-16-9 wp-has-aspect-ratio\"><div class=\"wp-block-embed__wrapper\">\n<iframe loading=\"lazy\" title=\"TourMI &#039;nCO - 2026 Artists\" width=\"500\" height=\"281\" src=\"https:\/\/www.youtube.com\/embed\/videoseries?list=PLMQ3HyylVZG1sPdFPldwmvjf2mPjTMVjs\" frameborder=\"0\" allow=\"accelerometer; autoplay; clipboard-write; encrypted-media; gyroscope; picture-in-picture; web-share\" referrerpolicy=\"strict-origin-when-cross-origin\" allowfullscreen><\/iframe>\n<\/div><figcaption class=\"wp-element-caption\"><a href=\"https:\/\/youtube.com\/playlist?list=PLMQ3HyylVZG1sPdFPldwmvjf2mPjTMVjs&amp;si=7AzbM2VsXGwJkVwT\" data-type=\"link\" data-id=\"https:\/\/youtube.com\/playlist?list=PLMQ3HyylVZG1sPdFPldwmvjf2mPjTMVjs&amp;si=7AzbM2VsXGwJkVwT\">PlayList YouTube Artistes TourMI &lsquo;nCO 2025\/26  <\/a><\/figcaption><\/figure>\n\n\n\n<hr class=\"wp-block-separator has-alpha-channel-opacity\"\/>\n\n\n\n<div class=\"wp-block-buttons is-content-justification-center is-layout-flex wp-container-core-buttons-is-layout-a89b3969 wp-block-buttons-is-layout-flex\">\n<div class=\"wp-block-button\"><a class=\"wp-block-button__link wp-element-button\" href=\"https:\/\/www.tourmi.co\/index.php\/musique\/\">MUSIQUE<\/a><\/div>\n\n\n\n<div class=\"wp-block-button\"><a class=\"wp-block-button__link wp-element-button\" href=\"https:\/\/www.tourmi.co\/index.php\/arts-de-la-rue\/\" target=\"_blank\" rel=\"noreferrer noopener\">ARTS DE LA RUE <\/a><\/div>\n\n\n\n<div class=\"wp-block-button\"><a class=\"wp-block-button__link wp-element-button\" href=\"https:\/\/www.tourmi.co\/index.php\/arts-visuels\/\" target=\"_blank\" rel=\"noreferrer noopener\">ARTS VISUELS <\/a><\/div>\n<\/div>\n\n\n\n<p class=\"has-text-align-center\">Apr\u00e8s 20 ans de diffusion, passionn\u00e9e &amp; s\u00e9rieuse, d\u00e9volue mais rigolote, dans la musique, les arts de la rue &amp; le cirque, Paco &amp; Mimi se tapent dans la main \u00ab\u00a0\u00e0 distance\u00a0\u00bb en plein confinement covidien, pour faire le grand saut de l&rsquo;ind\u00e9pendance au milieu du grand bazar mondial et sectoriel. <br><br>Le temps de faire mijoter, de trier nos envies &amp; id\u00e9es : TourMI &lsquo;nCO est n\u00e9e !<br>Vous trouverez ici les pr\u00e9mices d&rsquo;une agence artistique prot\u00e9iforme. <br><br>Bonne bal(l)ade dans ce site en constante \u00e9volution ! <br>On reste \u00e0 votre disposition si nos prot\u00e9g\u00e9s vous chatouillent les envies. <br><br><\/p>\n\n\n\n<hr class=\"wp-block-separator has-alpha-channel-opacity\"\/>\n\n\n\n<p class=\"has-text-align-right has-small-font-size\"><em>Vous \u00eates artiste et souhaitez nous pr\u00e9senter votre travail : soyons sympas &amp; compr\u00e9hensifs ! Merci de ne pas directement nous contacter sans avoir pr\u00e9alablement envoy\u00e9 de quoi vous d\u00e9couvrir sur ola[at]tourmi[point]co : nous vous reviendrons &#8211; quand nous le pourrons &amp; voulons &#8211; si vous repr\u00e9senter peut nous tenter. La diffusion est un dur m\u00e9tier, vous le savez. &lt;3<\/em><\/p>\n","protected":false},"excerpt":{"rendered":"<p>Edito Avril 2026 Nouvelles municipalit\u00e9s et heure d&rsquo;\u00e9t\u00e9, Avril le printanier est lanc\u00e9. Edito rapido, car le tunnel des bouclages de saison prochaine est bient\u00f4t dans notre dos.Voici pour ce mois notre modjo, nos dossiers chauds et nos dates \u00e0 noter en m\u00e9mo&nbsp;: &#8211; on commence le mois \u00e0 domicile pour l&rsquo;annuelle AG et les [&hellip;]<\/p>\n","protected":false},"author":1,"featured_media":0,"parent":0,"menu_order":0,"comment_status":"closed","ping_status":"closed","template":"","meta":{"footnotes":""},"class_list":["post-158","page","type-page","status-publish","hentry"],"_links":{"self":[{"href":"https:\/\/www.tourmi.co\/index.php\/wp-json\/wp\/v2\/pages\/158","targetHints":{"allow":["GET"]}}],"collection":[{"href":"https:\/\/www.tourmi.co\/index.php\/wp-json\/wp\/v2\/pages"}],"about":[{"href":"https:\/\/www.tourmi.co\/index.php\/wp-json\/wp\/v2\/types\/page"}],"author":[{"embeddable":true,"href":"https:\/\/www.tourmi.co\/index.php\/wp-json\/wp\/v2\/users\/1"}],"replies":[{"embeddable":true,"href":"https:\/\/www.tourmi.co\/index.php\/wp-json\/wp\/v2\/comments?post=158"}],"version-history":[{"count":163,"href":"https:\/\/www.tourmi.co\/index.php\/wp-json\/wp\/v2\/pages\/158\/revisions"}],"predecessor-version":[{"id":1535,"href":"https:\/\/www.tourmi.co\/index.php\/wp-json\/wp\/v2\/pages\/158\/revisions\/1535"}],"wp:attachment":[{"href":"https:\/\/www.tourmi.co\/index.php\/wp-json\/wp\/v2\/media?parent=158"}],"curies":[{"name":"wp","href":"https:\/\/api.w.org\/{rel}","templated":true}]}}