{"id":288,"date":"2023-05-17T17:55:31","date_gmt":"2023-05-17T15:55:31","guid":{"rendered":"http:\/\/www.tourmi.co\/?page_id=288"},"modified":"2026-01-20T14:15:43","modified_gmt":"2026-01-20T13:15:43","slug":"staff","status":"publish","type":"page","link":"https:\/\/www.tourmi.co\/index.php\/staff\/","title":{"rendered":"STAFF"},"content":{"rendered":"\n<h4 class=\"wp-block-heading has-text-align-center\"><strong>\u00c9MILIE DELCHAMBRE <\/strong><\/h4>\n\n\n\n<p><strong>\u00c9tat Civil <\/strong>: ED<br><strong>Double d\u00e9moniaque<\/strong> : Mireille Dumatelas<br><strong>Champs d&rsquo;expertise<\/strong> : La musique, les chiffres &amp; le sens de la b\u00eatise<br><strong>D\u00e9faut d&rsquo;sa qualit\u00e9<\/strong> : Intense<br><strong>Ic\u00f4ne<\/strong> : Simone de Beauvoir<br><strong>Meilleur souvenir de sc\u00e8ne<\/strong> : RATM 14\/06\/1997 Parc des Princes, tout part de l\u00e0<br><strong>Plus grande Fiert\u00e9<\/strong> : r\u00e9ussir \u00e0 encore adorer mon m\u00e9tier malgr\u00e9 sa duret\u00e9 et compl\u00e9xit\u00e9 au quotidien<br><strong>RDV pro pr\u00e9f\u00e9r\u00e9<\/strong> : le prochain que je n&rsquo;ai pas d\u00e9j\u00e0 ponc\u00e9 (=&gt; Printemps De Bourges, Mama, Babel, Visa4Music, BIS, Avignon, Vivacit\u00e9, Chalons dans la Rue, BIS, hors course, car les plus r\u00e9guliers depuis 15 ans)<br><strong>Bouquin de Chevet<\/strong> : en BD Cyril Pedrosa Portugal, en lettres anciennes, De la Col\u00e8re S\u00e9n\u00e8que, en lettres modernes, Just Kids Patti Smith<br><strong>L&rsquo;album qui sera \u00e9cout\u00e9 ad vitam<\/strong> : 613 de Chapelier Fou ou Naphtaline d&rsquo;Ez3kiel<br><strong>Ce que le monde lui envie<\/strong> : sa joie de vivre et sa plume<br><strong>R\u00e9seau social de pr\u00e9dilection <\/strong>: plut\u00f4t aucun, mais quand m\u00eame sa chaine perso YT et ses <a href=\"https:\/\/www.youtube.com\/playlist?list=PLMQ3HyylVZG1z6iv2SPdK4T3GUH8P_vJv\" data-type=\"link\" data-id=\"https:\/\/www.youtube.com\/playlist?list=PLMQ3HyylVZG3KJ0cUcS-Y8vZCpTgDDM9F\">playlists R\u00e9trospectivem&rsquo;An<\/a><br><strong>Comment la charmer<\/strong> : corruptible par le sucre, 100% sapio<br><strong>La chanson qu&rsquo;elle ferait \u00e0 un t\u00e9l\u00e9-crochet si elle savait chanter<\/strong> : en fran\u00e7ais, La Boulette Diam&rsquo;s, en anglais, Hot Mess Dodie<br><strong>Sa valeur de base ind\u00e9boulonnable<\/strong> : la d\u00e9fense des instrumentistes &amp; vocalistes sur un plateau. <br><strong>Son Mantra<\/strong> : \u00ab\u00a0L&rsquo;audace, c&rsquo;est la vie\u00a0\u00bb, p\u00e9riphrase de TS Eliot : Only those who will risk going too far can possibly find out how far one can go \u00ab\u00a0<\/p>\n\n\n\n<div class=\"wp-block-buttons is-content-justification-center is-layout-flex wp-container-core-buttons-is-layout-a89b3969 wp-block-buttons-is-layout-flex\">\n<div class=\"wp-block-button\"><a class=\"wp-block-button__link has-text-align-center wp-element-button\" href=\"mailto:mimi[at]tourmi[point]co\" target=\"_blank\" rel=\"noreferrer noopener\">mimi[at]tourmi[point]co<\/a><\/div>\n<\/div>\n\n\n\n<h4 class=\"wp-block-heading has-text-align-center\"><strong>PACO BIALEK <\/strong><\/h4>\n\n\n\n<p><strong>\u00c9tat Civil<\/strong> : PB<br><strong>Double d\u00e9moniaque<\/strong> : Paco White Bear<br><strong>Champs d&rsquo;expertise<\/strong> : Arts de rue et cirque contemporain<br><strong>D\u00e9faut d&rsquo;sa qualit\u00e9<\/strong> : Curieux compulsif<br><strong>Ic\u00f4ne <\/strong>: Pierre Desproges<br><strong>Meilleur souvenir de sc\u00e8ne<\/strong> : Impossible de tous les mettre, c&rsquo;est bien pour une raison qu&rsquo;il fait ce m\u00e9tier !<br><strong>Plus grande Fiert\u00e9<\/strong> : La cr\u00e9ation du groupe C-1-M\u00e9tier en 2007, 1500 membres au compteur et toujours aussi dynamique<br><strong>RDV pro pr\u00e9f\u00e9r\u00e9<\/strong> : Le prochain que je ne connais pas encore ! \/ \u00ab\u00a0festival goes forever\u00a0\u00bb<br><strong>Bouquin de Chevet<\/strong> : Chien Blanc de Romain Gary \/ L&rsquo;Arabe du Futur de R. Satouf \/ Tout Desproges \/ Tout Damasio<br><strong>L&rsquo;album qui sera \u00e9cout\u00e9 ad vitam<\/strong> : The Living Road, Lhasa<br><strong>Ce que le monde lui envie<\/strong> : Sa force de caract\u00e8re et sa disponibilit\u00e9<br><strong>R\u00e9seau social de pr\u00e9dilection<\/strong> : LinkedIn, mais surtout les bars pros des festivals<br><strong>Comment le charmer<\/strong> : Soyez impr\u00e9visible et enthousiaste<br><strong>La chanson qu&rsquo;il ferait \u00e0 un t\u00e9l\u00e9-crochet s&rsquo;il savait chanter<\/strong> : La Boh\u00e8me d&rsquo;Aznavour avec laquelle il a gagn\u00e9 la 2\u1d49 place au concours de Karaok\u00e9 1997 du camping de Frontignan-Plage, pour le sourire (et les miches) de la jolie boulang\u00e8re\u2026 Il ne r\u00e9siste pas \u00e0 un Karaok\u00e9 et\/ou \u00e0 un joli sourire\u2026<br><strong>Sa valeur de base ind\u00e9boulonnable<\/strong> : D\u00e9fendre et faire exister des artistes et leurs projets. Plus c&rsquo;est fou, moins on s&rsquo;ennuie ! <br><strong>Son mantra<\/strong> : \u00ab\u00a0Ever tried. Ever failed. No matter. Try again. Fail again. Fail better.\u00a0\u00bb Sam Beckett<\/p>\n\n\n\n<div class=\"wp-block-buttons is-content-justification-center is-layout-flex wp-container-core-buttons-is-layout-a89b3969 wp-block-buttons-is-layout-flex\">\n<div class=\"wp-block-button\"><a class=\"wp-block-button__link wp-element-button\" href=\"mailto:paco[at]tourmi[point]co\" target=\"_blank\" rel=\"noreferrer noopener\">paco[at]tourmi[point]co<\/a><\/div>\n<\/div>\n","protected":false},"excerpt":{"rendered":"<p>\u00c9MILIE DELCHAMBRE \u00c9tat Civil : EDDouble d\u00e9moniaque : Mireille DumatelasChamps d&rsquo;expertise : La musique, les chiffres &amp; le sens de la b\u00eatiseD\u00e9faut d&rsquo;sa qualit\u00e9 : IntenseIc\u00f4ne : Simone de BeauvoirMeilleur souvenir de sc\u00e8ne : RATM 14\/06\/1997 Parc des Princes, tout part de l\u00e0Plus grande Fiert\u00e9 : r\u00e9ussir \u00e0 encore adorer mon m\u00e9tier malgr\u00e9 sa duret\u00e9 [&hellip;]<\/p>\n","protected":false},"author":1,"featured_media":0,"parent":0,"menu_order":5,"comment_status":"closed","ping_status":"closed","template":"","meta":{"footnotes":""},"class_list":["post-288","page","type-page","status-publish","hentry"],"_links":{"self":[{"href":"https:\/\/www.tourmi.co\/index.php\/wp-json\/wp\/v2\/pages\/288","targetHints":{"allow":["GET"]}}],"collection":[{"href":"https:\/\/www.tourmi.co\/index.php\/wp-json\/wp\/v2\/pages"}],"about":[{"href":"https:\/\/www.tourmi.co\/index.php\/wp-json\/wp\/v2\/types\/page"}],"author":[{"embeddable":true,"href":"https:\/\/www.tourmi.co\/index.php\/wp-json\/wp\/v2\/users\/1"}],"replies":[{"embeddable":true,"href":"https:\/\/www.tourmi.co\/index.php\/wp-json\/wp\/v2\/comments?post=288"}],"version-history":[{"count":19,"href":"https:\/\/www.tourmi.co\/index.php\/wp-json\/wp\/v2\/pages\/288\/revisions"}],"predecessor-version":[{"id":1478,"href":"https:\/\/www.tourmi.co\/index.php\/wp-json\/wp\/v2\/pages\/288\/revisions\/1478"}],"wp:attachment":[{"href":"https:\/\/www.tourmi.co\/index.php\/wp-json\/wp\/v2\/media?parent=288"}],"curies":[{"name":"wp","href":"https:\/\/api.w.org\/{rel}","templated":true}]}}