{"id":356,"date":"2023-09-13T14:56:36","date_gmt":"2023-09-13T12:56:36","guid":{"rendered":"http:\/\/www.tourmi.co\/?page_id=356"},"modified":"2024-11-01T15:53:25","modified_gmt":"2024-11-01T14:53:25","slug":"i-me-mine","status":"publish","type":"page","link":"https:\/\/www.tourmi.co\/index.php\/musique\/i-me-mine\/","title":{"rendered":"I ME MINE"},"content":{"rendered":"\n<p class=\"has-text-align-center has-small-font-size\"><strong>BOOKING FRANCE<\/strong> <br>&#8211; <em>en accord avec <a href=\"https:\/\/lesjeudisdurock.fr\/\" data-type=\"link\" data-id=\"https:\/\/lesjeudisdurock.fr\/\">Les Jeudis du Rock<\/a> &amp; Charles Ferraud<\/em> &#8211;<br><\/p>\n\n\n\n<figure class=\"wp-block-embed is-type-video is-provider-youtube wp-block-embed-youtube wp-embed-aspect-16-9 wp-has-aspect-ratio\"><div class=\"wp-block-embed__wrapper\">\n<iframe loading=\"lazy\" title=\"I Me Mine - Above Your Head (Capitole Studio Sessions)\" width=\"500\" height=\"281\" src=\"https:\/\/www.youtube.com\/embed\/feLwJucJTlg?feature=oembed\" frameborder=\"0\" allow=\"accelerometer; autoplay; clipboard-write; encrypted-media; gyroscope; picture-in-picture; web-share\" referrerpolicy=\"strict-origin-when-cross-origin\" allowfullscreen><\/iframe>\n<\/div><figcaption class=\"wp-element-caption\">Capitole Studio Sessions \u00ab\u00a0Above Your Head\u00a0\u00bb sortie 25\/10\/24<\/figcaption><\/figure>\n\n\n\n<figure class=\"wp-block-embed is-type-video is-provider-youtube wp-block-embed-youtube wp-embed-aspect-16-9 wp-has-aspect-ratio\"><div class=\"wp-block-embed__wrapper\">\n<iframe loading=\"lazy\" title=\"I Me Mine - Alien (Official Video)\" width=\"500\" height=\"281\" src=\"https:\/\/www.youtube.com\/embed\/IkEohtaRGHc?feature=oembed\" frameborder=\"0\" allow=\"accelerometer; autoplay; clipboard-write; encrypted-media; gyroscope; picture-in-picture; web-share\" referrerpolicy=\"strict-origin-when-cross-origin\" allowfullscreen><\/iframe>\n<\/div><figcaption class=\"wp-element-caption\">Nouveau Clip Alien sorti le 16 Mai 2024<\/figcaption><\/figure>\n\n\n\n<figure class=\"wp-block-embed is-type-video is-provider-youtube wp-block-embed-youtube wp-embed-aspect-16-9 wp-has-aspect-ratio\"><div class=\"wp-block-embed__wrapper\">\n<iframe loading=\"lazy\" title=\"I Me Mine - Tsu Na Mi (Official Video)\" width=\"500\" height=\"281\" src=\"https:\/\/www.youtube.com\/embed\/dg1S6ybUcB8?feature=oembed\" frameborder=\"0\" allow=\"accelerometer; autoplay; clipboard-write; encrypted-media; gyroscope; picture-in-picture; web-share\" referrerpolicy=\"strict-origin-when-cross-origin\" allowfullscreen><\/iframe>\n<\/div><\/figure>\n\n\n\n<figure class=\"wp-block-embed is-type-video is-provider-youtube wp-block-embed-youtube wp-embed-aspect-16-9 wp-has-aspect-ratio\"><div class=\"wp-block-embed__wrapper\">\n<iframe loading=\"lazy\" title=\"I Me Mine - Ricochet (Official Video)\" width=\"500\" height=\"281\" src=\"https:\/\/www.youtube.com\/embed\/s3w6tJfR6Ac?feature=oembed\" frameborder=\"0\" allow=\"accelerometer; autoplay; clipboard-write; encrypted-media; gyroscope; picture-in-picture; web-share\" referrerpolicy=\"strict-origin-when-cross-origin\" allowfullscreen><\/iframe>\n<\/div><\/figure>\n\n\n\n<figure class=\"wp-block-embed is-type-video is-provider-youtube wp-block-embed-youtube wp-embed-aspect-4-3 wp-has-aspect-ratio\"><div class=\"wp-block-embed__wrapper\">\n<iframe loading=\"lazy\" title=\"I Me Mine - Childish World (Official Video)\" width=\"500\" height=\"375\" src=\"https:\/\/www.youtube.com\/embed\/PfcIhWb2c1A?feature=oembed\" frameborder=\"0\" allow=\"accelerometer; autoplay; clipboard-write; encrypted-media; gyroscope; picture-in-picture; web-share\" referrerpolicy=\"strict-origin-when-cross-origin\" allowfullscreen><\/iframe>\n<\/div><\/figure>\n\n\n\n<p class=\"has-text-align-center\">R\u00e9v\u00e9l\u00e9s aux 36\u1d49 Rencontres Trans Musicales de Rennes, le trio, r\u00e9cemment devenu quatuor, indie rock franco-n\u00e9o-z\u00e9landais revient un nouvel album ( \u00ab\u00a0Tsunami\u00a0\u00bb <a href=\"https:\/\/modulor-records.com\/fr\/\">ModulorRecords<\/a> 26\/01\/24 ) dans la lign\u00e9e de leur second album\u00a0<em>Ellipsis<\/em>, qui avait fait l\u2019unanimit\u00e9 dans la sph\u00e8re ind\u00e9.<br><br>Quand on parle de pop aujourd&rsquo;hui, on est bien loin de celle que proposent ces 4 gar\u00e7ons. C&rsquo;est pourtant la \u00ab\u00a0vraie\u00a0\u00bb pop-rock anglophone \u00e0 la brit classe, aux harmonies vocales \u00e9l\u00e9gantes, et aux m\u00e9lodies puissantes, que ces messieurs donnent \u00e0 ne pas oublier et \u00e0 toujours entendre.<\/p>\n\n\n\n<p class=\"has-text-align-center\"> <strong><a href=\"https:\/\/modulor.lnk.to\/tsunami\">Nouvel Album \u00a0\u00bb Tsunami \u00ab\u00a0<\/a><\/strong> &#8211; <strong><a href=\"https:\/\/modulor.lnk.to\/tsunami\" data-type=\"link\" data-id=\"https:\/\/modulor-records.com\/fr\/\">MODULOR RECORDS<\/a><\/strong> <br> (playlist Spotify Monde \u00ab\u00a0<a href=\"https:\/\/open.spotify.com\/playlist\/37i9dQZF1DWZryfp6NSvtz?si=c3a5b2598a344991\">All New Rock<\/a>\u00a0\u00bb &amp; <a href=\"https:\/\/www.rollingstone.fr\/la-playlist-de-la-semaine-262\/\" data-type=\"link\" data-id=\"https:\/\/www.rollingstone.fr\/la-playlist-de-la-semaine-262\/\">Rolling Stone France #262<\/a> &#8230; )<\/p>\n\n\n\n<figure class=\"wp-block-image size-large\"><img loading=\"lazy\" decoding=\"async\" width=\"1024\" height=\"1024\" src=\"https:\/\/www.tourmi.co\/wp-content\/uploads\/2024\/01\/IMM_Album_Packshot_Sticker_RGB_4000px-1024x1024.jpg\" alt=\"\" class=\"wp-image-822\" srcset=\"https:\/\/www.tourmi.co\/wp-content\/uploads\/2024\/01\/IMM_Album_Packshot_Sticker_RGB_4000px-1024x1024.jpg 1024w, https:\/\/www.tourmi.co\/wp-content\/uploads\/2024\/01\/IMM_Album_Packshot_Sticker_RGB_4000px-300x300.jpg 300w, https:\/\/www.tourmi.co\/wp-content\/uploads\/2024\/01\/IMM_Album_Packshot_Sticker_RGB_4000px-150x150.jpg 150w, https:\/\/www.tourmi.co\/wp-content\/uploads\/2024\/01\/IMM_Album_Packshot_Sticker_RGB_4000px-768x768.jpg 768w, https:\/\/www.tourmi.co\/wp-content\/uploads\/2024\/01\/IMM_Album_Packshot_Sticker_RGB_4000px-1536x1536.jpg 1536w, https:\/\/www.tourmi.co\/wp-content\/uploads\/2024\/01\/IMM_Album_Packshot_Sticker_RGB_4000px-2048x2048.jpg 2048w\" sizes=\"auto, (max-width: 1024px) 100vw, 1024px\" \/><\/figure>\n\n\n\n<p class=\"has-text-align-center\"><br>Avant ce nouvel opus &amp; retour en tourn\u00e9e en 24, ils ont sorti l&rsquo;EP Suspension \u00e0 l&rsquo;\u00e9t\u00e9 2023, qui d\u00e9voilait des in\u00e9dits et versions alternatives de ce pr\u00e9c\u00e9dent album Ellipis. Avec son orgue farfisa 60&rsquo;s et son refrain catchy sans ambigu\u00eft\u00e9, le premier extrait&nbsp;<em>Teenage Dreamer<\/em>&nbsp;a tout du titre parfait pour vaincre la frustration ambiante post-COVID et a fait danser l\u2019\u00e9t\u00e9 dans l\u2019insouciance des beaux jours, avant une rentr\u00e9e pleine de nouveaut\u00e9s.<br><strong>1\u1d49\u02b3 juin 2023 &#8211; Single \u00a0\u00bb <a href=\"https:\/\/youtu.be\/FbgS22ES3rk?si=b0iNf9Ab4x_pM9QI\" data-type=\"link\" data-id=\"https:\/\/youtu.be\/FbgS22ES3rk?si=b0iNf9Ab4x_pM9QI\">Teenage Dreamer<\/a> \u00ab\u00a0<\/strong> <br>: playlist Spotify \u00ab\u00a0<a href=\"https:\/\/open.spotify.com\/playlist\/37i9dQZF1DWSrj7tqQ9IOu?si=30d33ef0633349d1&amp;nd=1\" data-type=\"link\" data-id=\"https:\/\/open.spotify.com\/playlist\/37i9dQZF1DWSrj7tqQ9IOu?si=30d33ef0633349d1&amp;nd=1\">Made In France<\/a>\u00ab\u00a0, Apple, Deezer, Napster, YouTube Music<br><strong>Du 22 Ao\u00fbt au 5 Septembre 2023 : <\/strong><br><strong><a href=\"https:\/\/www.instagram.com\/p\/CwQLPpNMsvp\/\" data-type=\"link\" data-id=\"https:\/\/www.instagram.com\/p\/CwQLPpNMsvp\/\">campagne Apple<\/a> <\/strong>avec le titre Sun Behind the Cloud<br><br><a href=\"https:\/\/lnk.bio\/imemine\">https:\/\/lnk.bio\/imemine<\/a><br><\/p>\n\n\n\n<div class=\"wp-block-buttons is-content-justification-center is-layout-flex wp-container-core-buttons-is-layout-a89b3969 wp-block-buttons-is-layout-flex\">\n<div class=\"wp-block-button\"><a class=\"wp-block-button__link wp-element-button\" href=\"https:\/\/lnk.bio\/imemine\">I ME MINE sur les plateformes <\/a><\/div>\n\n\n\n<div class=\"wp-block-button\"><a class=\"wp-block-button__link wp-element-button\" href=\"https:\/\/www.facebook.com\/imeminepop\">I ME MINE sur Facebook<\/a><\/div>\n\n\n\n<div class=\"wp-block-button\"><a class=\"wp-block-button__link wp-element-button\" href=\"https:\/\/www.instagram.com\/imemineofficial\/\">I ME MINE sur Insta<\/a><\/div>\n\n\n\n<div class=\"wp-block-button\"><a class=\"wp-block-button__link wp-element-button\" href=\"https:\/\/imemine.bandcamp.com\/music\">I ME MINE sur Bandcamp<\/a><\/div>\n<\/div>\n\n\n\n<p><\/p>\n\n\n\n<figure class=\"wp-block-embed is-type-video is-provider-youtube wp-block-embed-youtube wp-embed-aspect-16-9 wp-has-aspect-ratio\"><div class=\"wp-block-embed__wrapper\">\n<iframe loading=\"lazy\" title=\"I Me Mine - The Sun (Part 2) - Live @ La Maroquinerie 2018\" width=\"500\" height=\"281\" src=\"https:\/\/www.youtube.com\/embed\/ZFv2HYNYZYs?feature=oembed\" frameborder=\"0\" allow=\"accelerometer; autoplay; clipboard-write; encrypted-media; gyroscope; picture-in-picture; web-share\" referrerpolicy=\"strict-origin-when-cross-origin\" allowfullscreen><\/iframe>\n<\/div><figcaption class=\"wp-element-caption\">I Me Mine &#8211; The Sun (Part 2) &#8211; Live &#8211; La Maroquinerie 2018<\/figcaption><\/figure>\n\n\n\n<figure class=\"wp-block-embed is-type-video is-provider-youtube wp-block-embed-youtube wp-embed-aspect-16-9 wp-has-aspect-ratio\"><div class=\"wp-block-embed__wrapper\">\n<iframe loading=\"lazy\" title=\"DANS TON CLUB #10 - I me mine\" width=\"500\" height=\"281\" src=\"https:\/\/www.youtube.com\/embed\/CtcookcN4HU?feature=oembed\" frameborder=\"0\" allow=\"accelerometer; autoplay; clipboard-write; encrypted-media; gyroscope; picture-in-picture; web-share\" referrerpolicy=\"strict-origin-when-cross-origin\" allowfullscreen><\/iframe>\n<\/div><figcaption class=\"wp-element-caption\">Dans ton club #10 &#8211; I Me Mine<\/figcaption><\/figure>\n\n\n\n<figure class=\"wp-block-embed is-type-video is-provider-youtube wp-block-embed-youtube wp-embed-aspect-16-9 wp-has-aspect-ratio\"><div class=\"wp-block-embed__wrapper\">\n<iframe loading=\"lazy\" title=\"I Me Mine - Elephant In The Doorway (Official Video)\" width=\"500\" height=\"281\" src=\"https:\/\/www.youtube.com\/embed\/z7VD9VQpAf0?feature=oembed\" frameborder=\"0\" allow=\"accelerometer; autoplay; clipboard-write; encrypted-media; gyroscope; picture-in-picture; web-share\" referrerpolicy=\"strict-origin-when-cross-origin\" allowfullscreen><\/iframe>\n<\/div><figcaption class=\"wp-element-caption\">Elephant In The Doorway (Official Video)<\/figcaption><\/figure>\n\n\n\n<figure class=\"wp-block-embed is-type-video is-provider-youtube wp-block-embed-youtube wp-embed-aspect-16-9 wp-has-aspect-ratio\"><div class=\"wp-block-embed__wrapper\">\n<iframe loading=\"lazy\" title=\"I Me Mine - Expectations ft. General Elektriks (Official Video)\" width=\"500\" height=\"281\" src=\"https:\/\/www.youtube.com\/embed\/Rd6VaKJPuXA?feature=oembed\" frameborder=\"0\" allow=\"accelerometer; autoplay; clipboard-write; encrypted-media; gyroscope; picture-in-picture; web-share\" referrerpolicy=\"strict-origin-when-cross-origin\" allowfullscreen><\/iframe>\n<\/div><figcaption class=\"wp-element-caption\">I Me Mine &#8211; Expectations ft. General Elektriks (Official Video)<\/figcaption><\/figure>\n","protected":false},"excerpt":{"rendered":"<p>BOOKING FRANCE &#8211; en accord avec Les Jeudis du Rock &amp; Charles Ferraud &#8211; R\u00e9v\u00e9l\u00e9s aux 36\u1d49 Rencontres Trans Musicales de Rennes, le trio, r\u00e9cemment devenu quatuor, indie rock franco-n\u00e9o-z\u00e9landais revient un nouvel album ( \u00ab\u00a0Tsunami\u00a0\u00bb ModulorRecords 26\/01\/24 ) dans la lign\u00e9e de leur second album\u00a0Ellipsis, qui avait fait l\u2019unanimit\u00e9 dans la sph\u00e8re ind\u00e9. Quand [&hellip;]<\/p>\n","protected":false},"author":1,"featured_media":0,"parent":353,"menu_order":0,"comment_status":"closed","ping_status":"closed","template":"","meta":{"footnotes":""},"class_list":["post-356","page","type-page","status-publish","hentry"],"_links":{"self":[{"href":"https:\/\/www.tourmi.co\/index.php\/wp-json\/wp\/v2\/pages\/356","targetHints":{"allow":["GET"]}}],"collection":[{"href":"https:\/\/www.tourmi.co\/index.php\/wp-json\/wp\/v2\/pages"}],"about":[{"href":"https:\/\/www.tourmi.co\/index.php\/wp-json\/wp\/v2\/types\/page"}],"author":[{"embeddable":true,"href":"https:\/\/www.tourmi.co\/index.php\/wp-json\/wp\/v2\/users\/1"}],"replies":[{"embeddable":true,"href":"https:\/\/www.tourmi.co\/index.php\/wp-json\/wp\/v2\/comments?post=356"}],"version-history":[{"count":26,"href":"https:\/\/www.tourmi.co\/index.php\/wp-json\/wp\/v2\/pages\/356\/revisions"}],"predecessor-version":[{"id":1093,"href":"https:\/\/www.tourmi.co\/index.php\/wp-json\/wp\/v2\/pages\/356\/revisions\/1093"}],"up":[{"embeddable":true,"href":"https:\/\/www.tourmi.co\/index.php\/wp-json\/wp\/v2\/pages\/353"}],"wp:attachment":[{"href":"https:\/\/www.tourmi.co\/index.php\/wp-json\/wp\/v2\/media?parent=356"}],"curies":[{"name":"wp","href":"https:\/\/api.w.org\/{rel}","templated":true}]}}