{"id":370,"date":"2023-09-13T14:42:02","date_gmt":"2023-09-13T12:42:02","guid":{"rendered":"http:\/\/www.tourmi.co\/?page_id=370"},"modified":"2026-03-18T18:55:49","modified_gmt":"2026-03-18T17:55:49","slug":"paranoid-void","status":"publish","type":"page","link":"https:\/\/www.tourmi.co\/index.php\/musique\/paranoid-void\/","title":{"rendered":"PARANOID VOID"},"content":{"rendered":"\n<p class=\"has-text-align-center\"><strong>BOOKING EUROPE (except UK)<\/strong> <br><br><strong>3\u00e8me album \u00ab\u00a0<a href=\"https:\/\/ssm.lnk.to\/action\" data-type=\"link\" data-id=\"https:\/\/ssm.lnk.to\/action\">Action<\/a>\u00a0\u00bb sortie le 21 Janv.26 ( JunnonSa\u00efSa\u00ef\/Space Shower)<\/strong><br><br><em>Europe (UK+FR+NL) Tour 2026 : <\/em><br><strong><em>14th to 31rst Oct. 2026 <\/em><\/strong><\/p>\n\n\n\n<figure class=\"wp-block-image aligncenter size-full\"><img loading=\"lazy\" decoding=\"async\" width=\"440\" height=\"440\" src=\"https:\/\/www.tourmi.co\/wp-content\/uploads\/2026\/01\/PV-Action-artwork-440x440-1.jpg\" alt=\"\" class=\"wp-image-1481\" srcset=\"https:\/\/www.tourmi.co\/wp-content\/uploads\/2026\/01\/PV-Action-artwork-440x440-1.jpg 440w, https:\/\/www.tourmi.co\/wp-content\/uploads\/2026\/01\/PV-Action-artwork-440x440-1-300x300.jpg 300w, https:\/\/www.tourmi.co\/wp-content\/uploads\/2026\/01\/PV-Action-artwork-440x440-1-150x150.jpg 150w\" sizes=\"auto, (max-width: 440px) 100vw, 440px\" \/><figcaption class=\"wp-element-caption\">3rd LP \u00ab\u00a0<a href=\"https:\/\/ssm.lnk.to\/action\" data-type=\"link\" data-id=\"https:\/\/ssm.lnk.to\/action\">Action<\/a>\u00a0\u00bb out 21\/01\/26 <br><a href=\"https:\/\/ssm.lnk.to\/action\" data-type=\"link\" data-id=\"https:\/\/ssm.lnk.to\/action\">https:\/\/ssm.lnk.to\/action<\/a><\/figcaption><\/figure>\n\n\n\n<figure class=\"wp-block-embed is-type-video is-provider-youtube wp-block-embed-youtube wp-embed-aspect-16-9 wp-has-aspect-ratio\"><div class=\"wp-block-embed__wrapper\">\n<iframe loading=\"lazy\" title=\"Paranoid Void  - Null | Live at Montreux Jazz Festival China 2024\" width=\"500\" height=\"281\" src=\"https:\/\/www.youtube.com\/embed\/nZOYujCj_XM?feature=oembed\" frameborder=\"0\" allow=\"accelerometer; autoplay; clipboard-write; encrypted-media; gyroscope; picture-in-picture; web-share\" referrerpolicy=\"strict-origin-when-cross-origin\" allowfullscreen><\/iframe>\n<\/div><figcaption class=\"wp-element-caption\">\u00ab\u00a0Null\u00a0\u00bb live @Montreux China, Suzhou, October 2024<\/figcaption><\/figure>\n\n\n\n<figure class=\"wp-block-embed is-type-video is-provider-youtube wp-block-embed-youtube wp-embed-aspect-16-9 wp-has-aspect-ratio\"><div class=\"wp-block-embed__wrapper\">\n<iframe loading=\"lazy\" title=\"Paranoid Void  - Ukiyo | Live at Montreux Jazz Festival China 2024\" width=\"500\" height=\"281\" src=\"https:\/\/www.youtube.com\/embed\/bsHwqp-xl2U?feature=oembed\" frameborder=\"0\" allow=\"accelerometer; autoplay; clipboard-write; encrypted-media; gyroscope; picture-in-picture; web-share\" referrerpolicy=\"strict-origin-when-cross-origin\" allowfullscreen><\/iframe>\n<\/div><figcaption class=\"wp-element-caption\">\u00ab\u00a0Ukiyo\u00a0\u00bb, Live @Montreux China, October 2024<\/figcaption><\/figure>\n\n\n\n<figure class=\"wp-block-embed is-type-video is-provider-youtube wp-block-embed-youtube wp-embed-aspect-16-9 wp-has-aspect-ratio\"><div class=\"wp-block-embed__wrapper\">\n<iframe loading=\"lazy\" title=\"High fever (Official Audio) \/ paranoid void\" width=\"500\" height=\"281\" src=\"https:\/\/www.youtube.com\/embed\/FfWdHDVLOEk?feature=oembed\" frameborder=\"0\" allow=\"accelerometer; autoplay; clipboard-write; encrypted-media; gyroscope; picture-in-picture; web-share\" referrerpolicy=\"strict-origin-when-cross-origin\" allowfullscreen><\/iframe>\n<\/div><figcaption class=\"wp-element-caption\"><a href=\"https:\/\/ssm.lnk.to\/highfever\" data-type=\"link\" data-id=\"https:\/\/ssm.lnk.to\/expansion\"><strong>New Single &amp; Vid\u00e9oClip High Fever released 2nd October 2025 <\/strong> <\/a><\/figcaption><\/figure>\n\n\n\n<figure class=\"wp-block-image size-large\"><img loading=\"lazy\" decoding=\"async\" width=\"1024\" height=\"1024\" src=\"https:\/\/www.tourmi.co\/wp-content\/uploads\/2025\/06\/Expansion-1024x1024.jpg\" alt=\"\" class=\"wp-image-1302\" srcset=\"https:\/\/www.tourmi.co\/wp-content\/uploads\/2025\/06\/Expansion-1024x1024.jpg 1024w, https:\/\/www.tourmi.co\/wp-content\/uploads\/2025\/06\/Expansion-300x300.jpg 300w, https:\/\/www.tourmi.co\/wp-content\/uploads\/2025\/06\/Expansion-150x150.jpg 150w, https:\/\/www.tourmi.co\/wp-content\/uploads\/2025\/06\/Expansion-768x768.jpg 768w, https:\/\/www.tourmi.co\/wp-content\/uploads\/2025\/06\/Expansion-1536x1536.jpg 1536w, https:\/\/www.tourmi.co\/wp-content\/uploads\/2025\/06\/Expansion-2048x2048.jpg 2048w\" sizes=\"auto, (max-width: 1024px) 100vw, 1024px\" \/><figcaption class=\"wp-element-caption\"><br><a href=\"https:\/\/ssm.lnk.to\/expansion\" data-type=\"link\" data-id=\"https:\/\/ssm.lnk.to\/expansion\"><strong>New Single Expansion 11th June 2025 <\/strong><\/a><\/figcaption><\/figure>\n\n\n\n<figure class=\"wp-block-embed is-type-video is-provider-youtube wp-block-embed-youtube wp-embed-aspect-16-9 wp-has-aspect-ratio\"><div class=\"wp-block-embed__wrapper\">\n<iframe loading=\"lazy\" title=\"Paranoid Void - The Path (Official Documentary)\" width=\"500\" height=\"281\" src=\"https:\/\/www.youtube.com\/embed\/OnBhuJtTxSw?feature=oembed\" frameborder=\"0\" allow=\"accelerometer; autoplay; clipboard-write; encrypted-media; gyroscope; picture-in-picture; web-share\" referrerpolicy=\"strict-origin-when-cross-origin\" allowfullscreen><\/iframe>\n<\/div><figcaption class=\"wp-element-caption\">EPK by POPeye : Paranoid Void by Paranoid Void (2020)<\/figcaption><\/figure>\n\n\n\n<figure class=\"wp-block-image size-large\"><img loading=\"lazy\" decoding=\"async\" width=\"819\" height=\"1024\" src=\"https:\/\/www.tourmi.co\/wp-content\/uploads\/2024\/10\/PVuk1224supportSIWFAetDeltaSleep-819x1024.jpg\" alt=\"\" class=\"wp-image-1039\" srcset=\"https:\/\/www.tourmi.co\/wp-content\/uploads\/2024\/10\/PVuk1224supportSIWFAetDeltaSleep-819x1024.jpg 819w, https:\/\/www.tourmi.co\/wp-content\/uploads\/2024\/10\/PVuk1224supportSIWFAetDeltaSleep-240x300.jpg 240w, https:\/\/www.tourmi.co\/wp-content\/uploads\/2024\/10\/PVuk1224supportSIWFAetDeltaSleep-768x960.jpg 768w, https:\/\/www.tourmi.co\/wp-content\/uploads\/2024\/10\/PVuk1224supportSIWFAetDeltaSleep.jpg 1024w\" sizes=\"auto, (max-width: 819px) 100vw, 819px\" \/><figcaption class=\"wp-element-caption\"><strong>!! D\u00e9cembre 2024 : Paranoid Void invit\u00e9es de So I Watch You From Afar &amp; Delta Sleep pour 6 dates anglaises !! <\/strong><\/figcaption><\/figure>\n\n\n\n<div class=\"wp-block-media-text is-stacked-on-mobile\"><figure class=\"wp-block-media-text__media\"><img loading=\"lazy\" decoding=\"async\" width=\"544\" height=\"544\" src=\"https:\/\/www.tourmi.co\/wp-content\/uploads\/2024\/12\/Visuel-PV-SlowMotionPerception-111224.jpg\" alt=\"\" class=\"wp-image-1153 size-full\" srcset=\"https:\/\/www.tourmi.co\/wp-content\/uploads\/2024\/12\/Visuel-PV-SlowMotionPerception-111224.jpg 544w, https:\/\/www.tourmi.co\/wp-content\/uploads\/2024\/12\/Visuel-PV-SlowMotionPerception-111224-300x300.jpg 300w, https:\/\/www.tourmi.co\/wp-content\/uploads\/2024\/12\/Visuel-PV-SlowMotionPerception-111224-150x150.jpg 150w\" sizes=\"auto, (max-width: 544px) 100vw, 544px\" \/><\/figure><div class=\"wp-block-media-text__content\">\n<p><strong>Nouveau single \u00ab\u00a0<a href=\"https:\/\/ssm.lnk.to\/SlowMotionPerception\" data-type=\"link\" data-id=\"http:\/\/ssm.lnk.to\/Wanderlust\">Slow Motion Perception<\/a>\u00a0\u00bb <\/strong><br>sorti le 11\/12\/2024 <br><em>3\u00e8me album \u00e0 para\u00eetre Aout25<\/em> (JunnonSaiSai\/SpaceShower)<\/p>\n<\/div><\/div>\n\n\n\n<div class=\"wp-block-media-text is-stacked-on-mobile\"><figure class=\"wp-block-media-text__media\"><img loading=\"lazy\" decoding=\"async\" width=\"1024\" height=\"1024\" src=\"https:\/\/www.tourmi.co\/wp-content\/uploads\/2024\/10\/PV-Wanderlust-picBD1024-1-1024x1024.jpg\" alt=\"\" class=\"wp-image-1082 size-full\" srcset=\"https:\/\/www.tourmi.co\/wp-content\/uploads\/2024\/10\/PV-Wanderlust-picBD1024-1-1024x1024.jpg 1024w, https:\/\/www.tourmi.co\/wp-content\/uploads\/2024\/10\/PV-Wanderlust-picBD1024-1-300x300.jpg 300w, https:\/\/www.tourmi.co\/wp-content\/uploads\/2024\/10\/PV-Wanderlust-picBD1024-1-150x150.jpg 150w, https:\/\/www.tourmi.co\/wp-content\/uploads\/2024\/10\/PV-Wanderlust-picBD1024-1-768x768.jpg 768w, https:\/\/www.tourmi.co\/wp-content\/uploads\/2024\/10\/PV-Wanderlust-picBD1024-1.jpg 1080w\" sizes=\"auto, (max-width: 1024px) 100vw, 1024px\" \/><\/figure><div class=\"wp-block-media-text__content\">\n<p><strong>Nouveau single \u00ab\u00a0<a href=\"http:\/\/ssm.lnk.to\/Wanderlust\" data-type=\"link\" data-id=\"http:\/\/ssm.lnk.to\/Wanderlust\">Wanderlust<\/a>\u00a0\u00bb <\/strong><br>sorti le 23\/10\/2024 <br><em>3\u00e8me album \u00e0 para\u00eetre Aout25<\/em><\/p>\n<\/div><\/div>\n\n\n\n<div class=\"wp-block-media-text is-stacked-on-mobile\"><figure class=\"wp-block-media-text__media\"><img loading=\"lazy\" decoding=\"async\" width=\"1024\" height=\"1024\" src=\"https:\/\/www.tourmi.co\/wp-content\/uploads\/2024\/08\/Visuel-singleWill-0824-1024x1024.jpg\" alt=\"\" class=\"wp-image-992 size-full\" srcset=\"https:\/\/www.tourmi.co\/wp-content\/uploads\/2024\/08\/Visuel-singleWill-0824-1024x1024.jpg 1024w, https:\/\/www.tourmi.co\/wp-content\/uploads\/2024\/08\/Visuel-singleWill-0824-300x300.jpg 300w, https:\/\/www.tourmi.co\/wp-content\/uploads\/2024\/08\/Visuel-singleWill-0824-150x150.jpg 150w, https:\/\/www.tourmi.co\/wp-content\/uploads\/2024\/08\/Visuel-singleWill-0824-768x768.jpg 768w, https:\/\/www.tourmi.co\/wp-content\/uploads\/2024\/08\/Visuel-singleWill-0824-1536x1536.jpg 1536w, https:\/\/www.tourmi.co\/wp-content\/uploads\/2024\/08\/Visuel-singleWill-0824.jpg 2001w\" sizes=\"auto, (max-width: 1024px) 100vw, 1024px\" \/><\/figure><div class=\"wp-block-media-text__content\">\n<p class=\"has-text-align-center\"><strong>Nouveau single \u00ab\u00a0<a href=\"https:\/\/ssm.lnk.to\/will_p\" data-type=\"link\" data-id=\"https:\/\/ssm.lnk.to\/will_p\">Will<\/a>\u00a0\u00bb <\/strong><br>sorti le 09\/08\/2024 <br><em>3\u00e8me album \u00e0 para\u00eetre Aout25<\/em><\/p>\n<\/div><\/div>\n\n\n\n<figure class=\"wp-block-image size-large\"><img loading=\"lazy\" decoding=\"async\" width=\"1024\" height=\"683\" src=\"https:\/\/www.tourmi.co\/wp-content\/uploads\/2024\/08\/Photo-HD-2024-\u2605paranoidvoid-main-1024x683.jpg\" alt=\"\" class=\"wp-image-988\" srcset=\"https:\/\/www.tourmi.co\/wp-content\/uploads\/2024\/08\/Photo-HD-2024-\u2605paranoidvoid-main-1024x683.jpg 1024w, https:\/\/www.tourmi.co\/wp-content\/uploads\/2024\/08\/Photo-HD-2024-\u2605paranoidvoid-main-300x200.jpg 300w, https:\/\/www.tourmi.co\/wp-content\/uploads\/2024\/08\/Photo-HD-2024-\u2605paranoidvoid-main-768x512.jpg 768w, https:\/\/www.tourmi.co\/wp-content\/uploads\/2024\/08\/Photo-HD-2024-\u2605paranoidvoid-main-1536x1024.jpg 1536w, https:\/\/www.tourmi.co\/wp-content\/uploads\/2024\/08\/Photo-HD-2024-\u2605paranoidvoid-main-2048x1365.jpg 2048w\" sizes=\"auto, (max-width: 1024px) 100vw, 1024px\" \/><\/figure>\n\n\n\n<p class=\"has-text-align-center has-small-font-size\">Toutes droites venues d&rsquo;Osaka, Japon, les Paranoid Void viennent conqu\u00e9rir l\u2019Europe avec un style de rock progressif et instrumental : le Math Rock (soit du rock &amp; des maths). <br><br>Fervente auditrice de ces demoiselles depuis l&rsquo;album Literary Math paru en 2017, Mimi a franchi la Manche post covid, lorsqu&rsquo;elles jouent pour la premi\u00e8re fois \u00e0 Londres, avant leur passage remarqu\u00e9 au festival <a href=\"https:\/\/arctangent.co.uk\/\" data-type=\"link\" data-id=\"https:\/\/arctangent.co.uk\/\">Arc<\/a><a href=\"https:\/\/youtu.be\/HO6kLPTBvJ8?si=MruqBKci3ZXSLUZa\" data-type=\"link\" data-id=\"https:\/\/youtu.be\/HO6kLPTBvJ8?si=MruqBKci3ZXSLUZa\">TanGent<\/a> en ao\u00fbt 2022 ; et mesure \u00e0 quel point leur proposition sc\u00e9nique est encore plus impressionante que leurs opus enregistr\u00e9s.<br><br>En 2023, les Paranoid Void viennent pour la toute premi\u00e8re fois en France, passant par Paris (&lt;3 <a href=\"https:\/\/www.leconsulat.org\/\" data-type=\"link\" data-id=\"https:\/\/www.leconsulat.org\/\">Le Consulat<\/a>), et notre cher Grand Sud. Cela apr\u00e8s avoir retourn\u00e9 comme il se doit le festival <a href=\"http:\/\/portalsrock.com\/festival.html\">Portals<\/a>, \u00e9venement anglais de la famille post-rock.<br>Elles seront <strong>de retour en France &amp; Europe \u00e0 l&rsquo;automne 2026 (dispo 14 au 30 Octobre 2026), pour pr\u00e9senter leur 3\u00e8me album<\/strong> ( \u00ab\u00a0ACTION\u00a0\u00bb sorti 21 Jan 2026 &#8211; JunnonSa\u00efSa\u00ef\/SpaceShower).<\/p>\n\n\n\n<p class=\"has-text-align-center has-small-font-size\">Leur jeu musical se veut \u00e0 la fois complexe, d\u2019une pr\u00e9cision stricte, qui met \u00e0 l\u2019honneur leurs qualit\u00e9s de musiciennes hors normes. Le trio saura vous embarquer par sa puissance car ses filles sont r\u00e9solument un groupe rock instrumental. &amp; qui peut trouver aussi ais\u00e9ment sa place dans un \u00e9venement jazz, vu le c\u00f4t\u00e9 cin\u00e9matique de leur musique, et de leur finesse technique. Avec pour preuve leur r\u00e9cente programmation sur le festival <a href=\"https:\/\/youtube.com\/playlist?list=PL3v0WmdmrE3_LuHnK-Pntr_TD74CVYj8v\">Montreux Jazz China<\/a>, o\u00f9 elles sont fait sensation, avant un sold-out au VoxLive de Wuhan.<\/p>\n\n\n\n<figure class=\"wp-block-image size-large\"><img loading=\"lazy\" decoding=\"async\" width=\"1024\" height=\"682\" src=\"https:\/\/www.tourmi.co\/wp-content\/uploads\/2023\/09\/160648710_197836965365260_1872500488667957112_n-1024x682.jpg\" alt=\"\" class=\"wp-image-361\" srcset=\"https:\/\/www.tourmi.co\/wp-content\/uploads\/2023\/09\/160648710_197836965365260_1872500488667957112_n-1024x682.jpg 1024w, https:\/\/www.tourmi.co\/wp-content\/uploads\/2023\/09\/160648710_197836965365260_1872500488667957112_n-300x200.jpg 300w, https:\/\/www.tourmi.co\/wp-content\/uploads\/2023\/09\/160648710_197836965365260_1872500488667957112_n-768x512.jpg 768w, https:\/\/www.tourmi.co\/wp-content\/uploads\/2023\/09\/160648710_197836965365260_1872500488667957112_n-1536x1024.jpg 1536w, https:\/\/www.tourmi.co\/wp-content\/uploads\/2023\/09\/160648710_197836965365260_1872500488667957112_n.jpg 2000w\" sizes=\"auto, (max-width: 1024px) 100vw, 1024px\" \/><\/figure>\n\n\n\n<figure class=\"wp-block-embed is-type-video is-provider-youtube wp-block-embed-youtube wp-embed-aspect-4-3 wp-has-aspect-ratio\"><div class=\"wp-block-embed__wrapper\">\n<iframe loading=\"lazy\" title=\"Wanderlust\" width=\"500\" height=\"375\" src=\"https:\/\/www.youtube.com\/embed\/akVYTEmiRRo?feature=oembed\" frameborder=\"0\" allow=\"accelerometer; autoplay; clipboard-write; encrypted-media; gyroscope; picture-in-picture; web-share\" referrerpolicy=\"strict-origin-when-cross-origin\" allowfullscreen><\/iframe>\n<\/div><figcaption class=\"wp-element-caption\">Wanderlust &#8211; 2nd single of their upcoming 3rd album &#8211; released 23th October 2024 <\/figcaption><\/figure>\n\n\n\n<figure class=\"wp-block-embed is-type-video is-provider-youtube wp-block-embed-youtube wp-embed-aspect-16-9 wp-has-aspect-ratio\"><div class=\"wp-block-embed__wrapper\">\n<iframe loading=\"lazy\" title=\"redo (Official Music Video) \/ paranoid void\" width=\"500\" height=\"281\" src=\"https:\/\/www.youtube.com\/embed\/vuPyz-V1y4Q?feature=oembed\" frameborder=\"0\" allow=\"accelerometer; autoplay; clipboard-write; encrypted-media; gyroscope; picture-in-picture; web-share\" referrerpolicy=\"strict-origin-when-cross-origin\" allowfullscreen><\/iframe>\n<\/div><figcaption class=\"wp-element-caption\">Redo (offical music video)<\/figcaption><\/figure>\n\n\n\n<figure class=\"wp-block-embed is-type-video is-provider-youtube wp-block-embed-youtube wp-embed-aspect-16-9 wp-has-aspect-ratio\"><div class=\"wp-block-embed__wrapper\">\n<iframe loading=\"lazy\" title=\"\u3010Live at ArcTanGent 2022\u3011paranoid void \u3010the UK tour\u3011\" width=\"500\" height=\"281\" src=\"https:\/\/www.youtube.com\/embed\/HO6kLPTBvJ8?feature=oembed\" frameborder=\"0\" allow=\"accelerometer; autoplay; clipboard-write; encrypted-media; gyroscope; picture-in-picture; web-share\" referrerpolicy=\"strict-origin-when-cross-origin\" allowfullscreen><\/iframe>\n<\/div><figcaption class=\"wp-element-caption\">Live at ArcTanGent 2022- Paranoid Void &#8211; The UK Tour<\/figcaption><\/figure>\n\n\n\n<figure class=\"wp-block-embed is-type-video is-provider-youtube wp-block-embed-youtube wp-embed-aspect-16-9 wp-has-aspect-ratio\"><div class=\"wp-block-embed__wrapper\">\n<iframe loading=\"lazy\" title=\"null \u3010LIVE : one take session \u3011Official Music Video \/ paranoid void -\" width=\"500\" height=\"281\" src=\"https:\/\/www.youtube.com\/embed\/igUOElmm9VE?feature=oembed\" frameborder=\"0\" allow=\"accelerometer; autoplay; clipboard-write; encrypted-media; gyroscope; picture-in-picture; web-share\" referrerpolicy=\"strict-origin-when-cross-origin\" allowfullscreen><\/iframe>\n<\/div><figcaption class=\"wp-element-caption\">Paranoid Void &#8211; Null \/ LIVE : One Take Session &#8211; (Official Music Video)<\/figcaption><\/figure>\n\n\n\n<figure class=\"wp-block-embed is-type-video is-provider-youtube wp-block-embed-youtube wp-embed-aspect-16-9 wp-has-aspect-ratio\"><div class=\"wp-block-embed__wrapper\">\n<iframe loading=\"lazy\" title=\"paranoid void - Blind Blue [YouTube Music Sessions FUJI ROCK FESTIVAL\u201919 &quot;ROOKIE A GO-GO&quot;]\" width=\"500\" height=\"281\" src=\"https:\/\/www.youtube.com\/embed\/j7Nx-z_Ut4Y?feature=oembed\" frameborder=\"0\" allow=\"accelerometer; autoplay; clipboard-write; encrypted-media; gyroscope; picture-in-picture; web-share\" referrerpolicy=\"strict-origin-when-cross-origin\" allowfullscreen><\/iframe>\n<\/div><figcaption class=\"wp-element-caption\">Paranoid Void &#8211; Blind Blue \/ [YouTube Music Sessions \/ FUJI ROCK FESTIVAL\u201919]<\/figcaption><\/figure>\n\n\n\n<figure class=\"wp-block-embed is-type-video is-provider-youtube wp-block-embed-youtube wp-embed-aspect-16-9 wp-has-aspect-ratio\"><div class=\"wp-block-embed__wrapper\">\n<iframe loading=\"lazy\" title=\"travel # afterward (official music video) \/ paranoid void\" width=\"500\" height=\"281\" src=\"https:\/\/www.youtube.com\/embed\/RUS3ljERa8Y?feature=oembed\" frameborder=\"0\" allow=\"accelerometer; autoplay; clipboard-write; encrypted-media; gyroscope; picture-in-picture; web-share\" referrerpolicy=\"strict-origin-when-cross-origin\" allowfullscreen><\/iframe>\n<\/div><figcaption class=\"wp-element-caption\">Travel # Afterward (official music video)<\/figcaption><\/figure>\n\n\n\n<div class=\"wp-block-buttons is-content-justification-center is-layout-flex wp-container-core-buttons-is-layout-a89b3969 wp-block-buttons-is-layout-flex\">\n<div class=\"wp-block-button\"><a class=\"wp-block-button__link wp-element-button\" href=\"https:\/\/open.spotify.com\/intl-fr\/artist\/3tIzE1MQigIhocuWtGBNrx\">Paranoid Void sur Spotify<\/a><\/div>\n\n\n\n<div class=\"wp-block-button\"><a class=\"wp-block-button__link wp-element-button\" href=\"https:\/\/www.deezer.com\/fr\/artist\/65018562\">Paranoid Void sur Deezer<\/a><\/div>\n\n\n\n<div class=\"wp-block-button\"><a class=\"wp-block-button__link wp-element-button\" href=\"https:\/\/www.facebook.com\/paranoidvoid\/\">Paranoid Void sur Facebook<\/a><\/div>\n\n\n\n<div class=\"wp-block-button\"><a class=\"wp-block-button__link wp-element-button\" href=\"https:\/\/www.instagram.com\/paranoidvoid_official\/\">Paranoid Void sur Insta<\/a><\/div>\n<\/div>\n\n\n\n<div class=\"wp-block-buttons is-content-justification-center is-layout-flex wp-container-core-buttons-is-layout-a89b3969 wp-block-buttons-is-layout-flex\">\n<div class=\"wp-block-button\"><a class=\"wp-block-button__link wp-element-button\">Paranoid Void sur YouTube<\/a><\/div>\n<\/div>\n","protected":false},"excerpt":{"rendered":"<p>BOOKING EUROPE (except UK) 3\u00e8me album \u00ab\u00a0Action\u00a0\u00bb sortie le 21 Janv.26 ( JunnonSa\u00efSa\u00ef\/Space Shower) Europe (UK+FR+NL) Tour 2026 : 14th to 31rst Oct. 2026 Nouveau single \u00ab\u00a0Slow Motion Perception\u00a0\u00bb sorti le 11\/12\/2024 3\u00e8me album \u00e0 para\u00eetre Aout25 (JunnonSaiSai\/SpaceShower) Nouveau single \u00ab\u00a0Wanderlust\u00a0\u00bb sorti le 23\/10\/2024 3\u00e8me album \u00e0 para\u00eetre Aout25 Nouveau single \u00ab\u00a0Will\u00a0\u00bb sorti le 09\/08\/2024 [&hellip;]<\/p>\n","protected":false},"author":1,"featured_media":0,"parent":353,"menu_order":0,"comment_status":"closed","ping_status":"closed","template":"","meta":{"footnotes":""},"class_list":["post-370","page","type-page","status-publish","hentry"],"_links":{"self":[{"href":"https:\/\/www.tourmi.co\/index.php\/wp-json\/wp\/v2\/pages\/370","targetHints":{"allow":["GET"]}}],"collection":[{"href":"https:\/\/www.tourmi.co\/index.php\/wp-json\/wp\/v2\/pages"}],"about":[{"href":"https:\/\/www.tourmi.co\/index.php\/wp-json\/wp\/v2\/types\/page"}],"author":[{"embeddable":true,"href":"https:\/\/www.tourmi.co\/index.php\/wp-json\/wp\/v2\/users\/1"}],"replies":[{"embeddable":true,"href":"https:\/\/www.tourmi.co\/index.php\/wp-json\/wp\/v2\/comments?post=370"}],"version-history":[{"count":41,"href":"https:\/\/www.tourmi.co\/index.php\/wp-json\/wp\/v2\/pages\/370\/revisions"}],"predecessor-version":[{"id":1514,"href":"https:\/\/www.tourmi.co\/index.php\/wp-json\/wp\/v2\/pages\/370\/revisions\/1514"}],"up":[{"embeddable":true,"href":"https:\/\/www.tourmi.co\/index.php\/wp-json\/wp\/v2\/pages\/353"}],"wp:attachment":[{"href":"https:\/\/www.tourmi.co\/index.php\/wp-json\/wp\/v2\/media?parent=370"}],"curies":[{"name":"wp","href":"https:\/\/api.w.org\/{rel}","templated":true}]}}