{"id":374,"date":"2023-09-13T17:00:40","date_gmt":"2023-09-13T15:00:40","guid":{"rendered":"http:\/\/www.tourmi.co\/?page_id=374"},"modified":"2025-02-14T16:51:44","modified_gmt":"2025-02-14T15:51:44","slug":"jeanne-serge","status":"publish","type":"page","link":"https:\/\/www.tourmi.co\/index.php\/musique\/jeanne-serge\/","title":{"rendered":"JEANNE &#038; SERGE"},"content":{"rendered":"\n<p class=\"has-text-align-center\">&#8211; <strong>BOOKING FRANCE<\/strong> &#8211;<\/p>\n\n\n\n<figure class=\"wp-block-image size-large\"><img loading=\"lazy\" decoding=\"async\" width=\"724\" height=\"1024\" src=\"https:\/\/www.tourmi.co\/wp-content\/uploads\/2024\/06\/Photo-Jeanne-et-Serge-724x1024.jpg\" alt=\"\" class=\"wp-image-932\" srcset=\"https:\/\/www.tourmi.co\/wp-content\/uploads\/2024\/06\/Photo-Jeanne-et-Serge-724x1024.jpg 724w, https:\/\/www.tourmi.co\/wp-content\/uploads\/2024\/06\/Photo-Jeanne-et-Serge-212x300.jpg 212w, https:\/\/www.tourmi.co\/wp-content\/uploads\/2024\/06\/Photo-Jeanne-et-Serge-768x1086.jpg 768w, https:\/\/www.tourmi.co\/wp-content\/uploads\/2024\/06\/Photo-Jeanne-et-Serge-1086x1536.jpg 1086w, https:\/\/www.tourmi.co\/wp-content\/uploads\/2024\/06\/Photo-Jeanne-et-Serge.jpg 1191w\" sizes=\"auto, (max-width: 724px) 100vw, 724px\" \/><\/figure>\n\n\n\n<p class=\"has-text-align-center has-small-font-size\"><strong>Un violoncelle, une guitare et deux voix. Toutes les vari\u00e9t\u00e9s de chansons qu\u2019on d\u00e9couvre, &amp; qu\u2019on red\u00e9couvre encore. Chansons d\u2019autrefois, d\u2019aujourd\u2019hui, de toujours, chansons qui glissent sur le temps.<\/strong><br><\/p>\n\n\n\n<p class=\"has-text-align-center\">Le duo \u00ab Jeanne et Serge \u00bb se compose d\u2019Aladin Chaboche aux guitares \u00e9lectrique et acoustique et de Sara Valero au violoncelle. On les connait chez TourMI &lsquo;nCO \u00e0 cause, enfin gr\u00e2ce \u00e0 l&rsquo;histoire de commune de Mimi avec (feu) <a href=\"https:\/\/www.deezer.com\/fr\/artist\/336024\" data-type=\"link\" data-id=\"https:\/\/www.deezer.com\/fr\/artist\/336024\">L&rsquo;Herbe Folle<\/a>. Sara &amp; Aladin jouent \u00e0 adapter des chansons trop souvent m\u00e9connues, dont les textes bravement \u00e9crit n\u2019attendent qu\u2019une seule chose : nous toucher encore au c\u0153ur. <br><br>D\u2019Alain Souchon \u00e0 Brigitte Fontaine en passant par Francis Blanche ou encore Juliette, Serge Gainsbourg &amp; Patachou, leurs r\u00e9arrangements musicaux, combinaisons vari\u00e9es de leurs multiples cordes, mettent en valeur \u00e0 la fois les textes et leurs instruments. Le r\u00e9pertoire de ce duo, sobre et gracieux, est un petit \u00e9crin de d\u00e9licatesse et de tendresse, pour les belles lettres, et les jolies chansons, souvent remis\u00e9es &amp; jamais trop \u00e9cout\u00e9es.<br><\/p>\n\n\n\n<figure class=\"wp-block-embed is-type-video is-provider-youtube wp-block-embed-youtube wp-embed-aspect-16-9 wp-has-aspect-ratio\"><div class=\"wp-block-embed__wrapper\">\n<iframe loading=\"lazy\" title=\"Teaser Jeanne et Serge 2025\" width=\"500\" height=\"281\" src=\"https:\/\/www.youtube.com\/embed\/9ndT2kOoQLA?feature=oembed\" frameborder=\"0\" allow=\"accelerometer; autoplay; clipboard-write; encrypted-media; gyroscope; picture-in-picture; web-share\" referrerpolicy=\"strict-origin-when-cross-origin\" allowfullscreen><\/iframe>\n<\/div><figcaption class=\"wp-element-caption\">TEASER JEANNE ET SERGE<\/figcaption><\/figure>\n\n\n\n<figure class=\"wp-block-embed is-type-video is-provider-youtube wp-block-embed-youtube wp-embed-aspect-16-9 wp-has-aspect-ratio\"><div class=\"wp-block-embed__wrapper\">\n<iframe loading=\"lazy\" title=\"Jeanne et Serge - \u00c9ternelle (Brigitte Fontaine)\" width=\"500\" height=\"281\" src=\"https:\/\/www.youtube.com\/embed\/6_A4wuIFiCo?feature=oembed\" frameborder=\"0\" allow=\"accelerometer; autoplay; clipboard-write; encrypted-media; gyroscope; picture-in-picture; web-share\" referrerpolicy=\"strict-origin-when-cross-origin\" allowfullscreen><\/iframe>\n<\/div><\/figure>\n\n\n\n<figure class=\"wp-block-embed is-type-video is-provider-youtube wp-block-embed-youtube wp-embed-aspect-16-9 wp-has-aspect-ratio\"><div class=\"wp-block-embed__wrapper\">\n<iframe loading=\"lazy\" title=\"Jeanne et Serge - Filles d&#039;ouvriers (Jules Jouy\/Gustave Goublier)\" width=\"500\" height=\"281\" src=\"https:\/\/www.youtube.com\/embed\/t_MlF-sjIqg?feature=oembed\" frameborder=\"0\" allow=\"accelerometer; autoplay; clipboard-write; encrypted-media; gyroscope; picture-in-picture; web-share\" referrerpolicy=\"strict-origin-when-cross-origin\" allowfullscreen><\/iframe>\n<\/div><\/figure>\n\n\n\n<figure class=\"wp-block-audio\"><audio controls src=\"http:\/\/tourmi.co\/wp-content\/uploads\/2022\/10\/LES-PASSANTES.mp3\"><\/audio><figcaption class=\"wp-element-caption\">Les Passantes &#8211; MP3<\/figcaption><\/figure>\n\n\n\n<figure class=\"wp-block-audio\"><audio controls src=\"http:\/\/tourmi.co\/wp-content\/uploads\/2022\/10\/LA-GREVE-DES-FEMMES.mp3\"><\/audio><figcaption class=\"wp-element-caption\">La Gr\u00e8ve des Femmes &#8211; MP3<\/figcaption><\/figure>\n\n\n\n<figure class=\"wp-block-audio\"><audio controls src=\"http:\/\/tourmi.co\/wp-content\/uploads\/2022\/10\/LAMOUR-a-MORT.mp3\"><\/audio><figcaption class=\"wp-element-caption\">L&rsquo;amour \u00e0 Mort &#8211; mp3 <\/figcaption><\/figure>\n\n\n\n<p><\/p>\n","protected":false},"excerpt":{"rendered":"<p>&#8211; BOOKING FRANCE &#8211; Un violoncelle, une guitare et deux voix. Toutes les vari\u00e9t\u00e9s de chansons qu\u2019on d\u00e9couvre, &amp; qu\u2019on red\u00e9couvre encore. Chansons d\u2019autrefois, d\u2019aujourd\u2019hui, de toujours, chansons qui glissent sur le temps. Le duo \u00ab Jeanne et Serge \u00bb se compose d\u2019Aladin Chaboche aux guitares \u00e9lectrique et acoustique et de Sara Valero au violoncelle. [&hellip;]<\/p>\n","protected":false},"author":1,"featured_media":0,"parent":353,"menu_order":0,"comment_status":"closed","ping_status":"closed","template":"","meta":{"footnotes":""},"class_list":["post-374","page","type-page","status-publish","hentry"],"_links":{"self":[{"href":"https:\/\/www.tourmi.co\/index.php\/wp-json\/wp\/v2\/pages\/374","targetHints":{"allow":["GET"]}}],"collection":[{"href":"https:\/\/www.tourmi.co\/index.php\/wp-json\/wp\/v2\/pages"}],"about":[{"href":"https:\/\/www.tourmi.co\/index.php\/wp-json\/wp\/v2\/types\/page"}],"author":[{"embeddable":true,"href":"https:\/\/www.tourmi.co\/index.php\/wp-json\/wp\/v2\/users\/1"}],"replies":[{"embeddable":true,"href":"https:\/\/www.tourmi.co\/index.php\/wp-json\/wp\/v2\/comments?post=374"}],"version-history":[{"count":7,"href":"https:\/\/www.tourmi.co\/index.php\/wp-json\/wp\/v2\/pages\/374\/revisions"}],"predecessor-version":[{"id":1214,"href":"https:\/\/www.tourmi.co\/index.php\/wp-json\/wp\/v2\/pages\/374\/revisions\/1214"}],"up":[{"embeddable":true,"href":"https:\/\/www.tourmi.co\/index.php\/wp-json\/wp\/v2\/pages\/353"}],"wp:attachment":[{"href":"https:\/\/www.tourmi.co\/index.php\/wp-json\/wp\/v2\/media?parent=374"}],"curies":[{"name":"wp","href":"https:\/\/api.w.org\/{rel}","templated":true}]}}