{"id":390,"date":"2023-09-13T16:55:51","date_gmt":"2023-09-13T14:55:51","guid":{"rendered":"http:\/\/www.tourmi.co\/?page_id=390"},"modified":"2026-03-24T14:49:18","modified_gmt":"2026-03-24T13:49:18","slug":"david-cairol","status":"publish","type":"page","link":"https:\/\/www.tourmi.co\/index.php\/musique\/david-cairol\/","title":{"rendered":"DAVID CAIROL"},"content":{"rendered":"\n<p class=\"has-text-align-center\"><strong>BOOKING FRANCE &amp; INTERNATIONAL ( except Jamaica &amp; USA )<\/strong><br><br><strong>A para\u00eetre \u00ab\u00a0French Bridges\u00a0\u00bb (You.N.I\/Baco) 21 Mai 2026<\/strong> <br><strong>1er single \u00ab\u00a0<a href=\"https:\/\/www.facebook.com\/watch\/?v=856237937429669\" data-type=\"link\" data-id=\"https:\/\/www.facebook.com\/watch\/?v=856237937429669\">Ticket Pour Mars<\/a>\u00a0\u00bb feat Ta\u00efro sortie le 20 Mars 2026 (U.N.I\/Baco) <\/strong><br><\/p>\n\n\n\n<figure class=\"wp-block-image size-large\"><a href=\"https:\/\/www.facebook.com\/watch\/?v=856237937429669\"><img loading=\"lazy\" decoding=\"async\" width=\"819\" height=\"1024\" src=\"https:\/\/www.tourmi.co\/wp-content\/uploads\/2026\/03\/Visuel-single-Ticket-Pour-Mars-200326-CAI-819x1024.jpg\" alt=\"\" class=\"wp-image-1516\" srcset=\"https:\/\/www.tourmi.co\/wp-content\/uploads\/2026\/03\/Visuel-single-Ticket-Pour-Mars-200326-CAI-819x1024.jpg 819w, https:\/\/www.tourmi.co\/wp-content\/uploads\/2026\/03\/Visuel-single-Ticket-Pour-Mars-200326-CAI-240x300.jpg 240w, https:\/\/www.tourmi.co\/wp-content\/uploads\/2026\/03\/Visuel-single-Ticket-Pour-Mars-200326-CAI-768x960.jpg 768w, https:\/\/www.tourmi.co\/wp-content\/uploads\/2026\/03\/Visuel-single-Ticket-Pour-Mars-200326-CAI.jpg 1080w\" sizes=\"auto, (max-width: 819px) 100vw, 819px\" \/><\/a><\/figure>\n\n\n\n<figure class=\"wp-block-embed is-type-video is-provider-youtube wp-block-embed-youtube wp-embed-aspect-16-9 wp-has-aspect-ratio\"><div class=\"wp-block-embed__wrapper\">\n<iframe loading=\"lazy\" title=\"David Cairol &amp; Ta\u00efro - Ticket Pour Mars [Official Video]\" width=\"500\" height=\"281\" src=\"https:\/\/www.youtube.com\/embed\/iwmW0DRWgoM?feature=oembed\" frameborder=\"0\" allow=\"accelerometer; autoplay; clipboard-write; encrypted-media; gyroscope; picture-in-picture; web-share\" referrerpolicy=\"strict-origin-when-cross-origin\" allowfullscreen><\/iframe>\n<\/div><\/figure>\n\n\n\n<p class=\"has-text-align-center\"><strong>Sortie EP \u00ab\u00a0Pacific Bridges \u00a0\u00bb (You.N.I\/Baco) 7 D\u00e9cembre 2025<\/strong><br><a href=\"http:\/\/baco.lnk.to\/LoveLive\" data-type=\"link\" data-id=\"http:\/\/baco.lnk.to\/LoveLive\">1er single le 10 Octobre 2025 \u00ab\u00a0Love &amp; Live\u00a0\u00bb feat Fab I&amp;I<\/a><br><a href=\"http:\/\/baco.lnk.to\/today\">2\u00e8me single le 7 Novembre 2025 \u00ab\u00a0Today\u00a0\u00bb feat Aremistic<\/a><br><a href=\"https:\/\/baco.lnk.to\/time\">3\u00e8me single le 7 D\u00e9cembre 2025 \u00ab\u00a0Time\u00a0\u00bb feat JYB<\/a><\/p>\n\n\n\n<figure class=\"wp-block-embed is-type-video is-provider-youtube wp-block-embed-youtube wp-embed-aspect-16-9 wp-has-aspect-ratio\"><div class=\"wp-block-embed__wrapper\">\n<iframe loading=\"lazy\" title=\"David Cairol &amp; Fab I&amp;I - Love &amp; Live [Official Music Video 2025]\" width=\"500\" height=\"281\" src=\"https:\/\/www.youtube.com\/embed\/Xpe-WbyxYZc?feature=oembed\" frameborder=\"0\" allow=\"accelerometer; autoplay; clipboard-write; encrypted-media; gyroscope; picture-in-picture; web-share\" referrerpolicy=\"strict-origin-when-cross-origin\" allowfullscreen><\/iframe>\n<\/div><\/figure>\n\n\n\n<figure class=\"wp-block-image size-large\"><img loading=\"lazy\" decoding=\"async\" width=\"819\" height=\"1024\" src=\"https:\/\/www.tourmi.co\/wp-content\/uploads\/2025\/04\/CAILatinAmericaTour0425-819x1024.jpg\" alt=\"\" class=\"wp-image-1285\" srcset=\"https:\/\/www.tourmi.co\/wp-content\/uploads\/2025\/04\/CAILatinAmericaTour0425-819x1024.jpg 819w, https:\/\/www.tourmi.co\/wp-content\/uploads\/2025\/04\/CAILatinAmericaTour0425-240x300.jpg 240w, https:\/\/www.tourmi.co\/wp-content\/uploads\/2025\/04\/CAILatinAmericaTour0425-768x960.jpg 768w, https:\/\/www.tourmi.co\/wp-content\/uploads\/2025\/04\/CAILatinAmericaTour0425-1229x1536.jpg 1229w, https:\/\/www.tourmi.co\/wp-content\/uploads\/2025\/04\/CAILatinAmericaTour0425.jpg 1350w\" sizes=\"auto, (max-width: 819px) 100vw, 819px\" \/><figcaption class=\"wp-element-caption\"><strong>Avril-Mai 2025 : 1\u00e8re tourn\u00e9e Am\u00e9rique Latine Argentine <\/strong>(feat Nonpalidece) <strong>\/ Chili \/ P\u00e9rou<\/strong> <\/figcaption><\/figure>\n\n\n\n<p class=\"has-text-align-center\"><strong>!! nouveau <\/strong><a href=\"https:\/\/baco.lnk.to\/EchoesFromTheJungleSingleVersion\"><strong>single<\/strong> <strong>Echoes From the Jungle (feat. Judy Mowatt)<\/strong><\/a><strong> sorti le 14 F\u00e9vrier 2025<\/strong> (U.N.I. Music\/Baco)<\/p>\n\n\n\n<figure class=\"wp-block-embed is-type-video is-provider-youtube wp-block-embed-youtube wp-embed-aspect-16-9 wp-has-aspect-ratio\"><div class=\"wp-block-embed__wrapper\">\n<iframe loading=\"lazy\" title=\"David Cairol &amp; Judy Mowatt - Echoes from the Jungle [Official video 2025]\" width=\"500\" height=\"281\" src=\"https:\/\/www.youtube.com\/embed\/1h0WQIV21do?feature=oembed\" frameborder=\"0\" allow=\"accelerometer; autoplay; clipboard-write; encrypted-media; gyroscope; picture-in-picture; web-share\" referrerpolicy=\"strict-origin-when-cross-origin\" allowfullscreen><\/iframe>\n<\/div><\/figure>\n\n\n\n<hr class=\"wp-block-separator has-alpha-channel-opacity\"\/>\n\n\n\n<p><strong>!! nouveau single <a href=\"https:\/\/baco.lnk.to\/DreadFrenchRemix\" data-type=\"link\" data-id=\"https:\/\/baco.lnk.to\/DreadFrenchRemix\">Dread (French remix &#8211; feat Ta\u00efro)<\/a>, sorti le 17 Janvier 2025<\/strong> (U.N.I. Music\/Baco) <br><\/p>\n\n\n\n<figure class=\"wp-block-embed is-type-video is-provider-youtube wp-block-embed-youtube wp-embed-aspect-16-9 wp-has-aspect-ratio\"><div class=\"wp-block-embed__wrapper\">\n<iframe loading=\"lazy\" title=\"Ta\u00efro, David Cairol, Bost &amp; Bim - Dread (French Remix) Live at the studio\" width=\"500\" height=\"281\" src=\"https:\/\/www.youtube.com\/embed\/A_zSMVhQh7Y?feature=oembed\" frameborder=\"0\" allow=\"accelerometer; autoplay; clipboard-write; encrypted-media; gyroscope; picture-in-picture; web-share\" referrerpolicy=\"strict-origin-when-cross-origin\" allowfullscreen><\/iframe>\n<\/div><\/figure>\n\n\n\n<figure class=\"wp-block-image size-large\"><a href=\"https:\/\/www.youtube.com\/watch?v=6HIgk0j0ZM\"><img loading=\"lazy\" decoding=\"async\" width=\"1024\" height=\"576\" src=\"https:\/\/www.tourmi.co\/wp-content\/uploads\/2025\/01\/Visuel-DREADsingle-French-Remix-171024-1024x576.jpg\" alt=\"\" class=\"wp-image-1175\" srcset=\"https:\/\/www.tourmi.co\/wp-content\/uploads\/2025\/01\/Visuel-DREADsingle-French-Remix-171024-1024x576.jpg 1024w, https:\/\/www.tourmi.co\/wp-content\/uploads\/2025\/01\/Visuel-DREADsingle-French-Remix-171024-300x169.jpg 300w, https:\/\/www.tourmi.co\/wp-content\/uploads\/2025\/01\/Visuel-DREADsingle-French-Remix-171024-768x432.jpg 768w, https:\/\/www.tourmi.co\/wp-content\/uploads\/2025\/01\/Visuel-DREADsingle-French-Remix-171024.jpg 1280w\" sizes=\"auto, (max-width: 1024px) 100vw, 1024px\" \/><\/a><\/figure>\n\n\n\n<p class=\"has-text-align-center\"><br>June 25 : New EP Pacifique (U.N.I Music \/ Baco)<\/p>\n\n\n\n<figure class=\"wp-block-image size-large\"><img loading=\"lazy\" decoding=\"async\" width=\"1024\" height=\"681\" src=\"https:\/\/www.tourmi.co\/wp-content\/uploads\/2023\/09\/David-Cairol-Fernando-Hevia-13-1024x681.jpg\" alt=\"\" class=\"wp-image-393\" srcset=\"https:\/\/www.tourmi.co\/wp-content\/uploads\/2023\/09\/David-Cairol-Fernando-Hevia-13-1024x681.jpg 1024w, https:\/\/www.tourmi.co\/wp-content\/uploads\/2023\/09\/David-Cairol-Fernando-Hevia-13-300x200.jpg 300w, https:\/\/www.tourmi.co\/wp-content\/uploads\/2023\/09\/David-Cairol-Fernando-Hevia-13-768x511.jpg 768w, https:\/\/www.tourmi.co\/wp-content\/uploads\/2023\/09\/David-Cairol-Fernando-Hevia-13-1536x1022.jpg 1536w, https:\/\/www.tourmi.co\/wp-content\/uploads\/2023\/09\/David-Cairol-Fernando-Hevia-13-2048x1363.jpg 2048w\" sizes=\"auto, (max-width: 1024px) 100vw, 1024px\" \/><\/figure>\n\n\n\n<p class=\"has-text-align-center\">David Cairol est un reggae guy du pays basque, 3 albums au compteur, dont le dernier Vers(e) est sorti au printemps 2023 ( et distribu\u00e9 par les buddies de <a href=\"https:\/\/bacomusic.fr\/distribution\/\" data-type=\"link\" data-id=\"https:\/\/bacomusic.fr\/distribution\/\">Baco<\/a> ) et fut carr\u00e9ment en lice pour le premier tour de nominations aux Grammys 2024 pour Best Reggae Album ! <br><br>En full band quartet ( guitare, keys n&rsquo; bass, drums and backing vocals ) dans un nouveau line-up r\u00e9solument moderne, de temps en temps en trio avec Natty Chonville et Pauline Andriant, sa backeuse vocale de haute-vol\u00e9e, pour <a href=\"https:\/\/www.hendaye-culture.fr\/fr\/evenements\/musikolore-ayo-david-cairol\/\">ouvrir par exemple avant les sistas Ayo<\/a> &amp; <a href=\"http:\/\/www.bolegason.org\/index.php?d=03-10-2024\">Flavia Coelho<\/a>, il apparait aussi parfois en solo pour ses actions culturelles p\u00e9dagogiques, et autres rayonnements de la culture jama\u00efcaine \u00e0 l&rsquo;international : il est carr\u00e9ment l&rsquo;ambassadeur europ\u00e9en du minist\u00e8re culturel jama\u00efcain, qui est dans les d\u00e9marches pour lui attribuer la double nationalit\u00e9. Il va tous les ans en F\u00e9vrier \u00e0 Kingston, o\u00f9 il fut, svp, le <a href=\"https:\/\/reggae.fr\/lire-news\/22281_202402_David-Cairol-en-tournee-Jamaique--.html?fbclid=PAAaaDEPXPHTWPBQc6FCZCA8uKayezt9dj-rCoNRJxZ71-onjIbJIOsSaSbC8_aem_ATmpE3rjVn9-InRkpwZr3TvLcS91kXY3mEcm9cIIsuTSiM-9gMRm4LHak5eMHp4jsd8\" data-type=\"link\" data-id=\"https:\/\/reggae.fr\/lire-news\/22281_202402_David-Cairol-en-tournee-Jamaique--.html?fbclid=PAAaaDEPXPHTWPBQc6FCZCA8uKayezt9dj-rCoNRJxZ71-onjIbJIOsSaSbC8_aem_ATmpE3rjVn9-InRkpwZr3TvLcS91kXY3mEcm9cIIsuTSiM-9gMRm4LHak5eMHp4jsd8\">tout premier fran\u00e7ais \u00e0 jouer en 2024 pour le Rebel Salute, \u00e9venement national retransmis sur les chaines TV nationales<\/a>.  <br><br> David distille un reggae roots qui glisse, et n&rsquo;a rien \u00e0 envier aux grands du genre. Et c&rsquo;est m\u00eame eux qui l&rsquo;accompagnent sur son dernier opus Verse (Sly Dunbar, Judy Mowatt-Earl Chinna Smith, Bongo Herman, Brinsley Forde, fondateur &amp; chanteur d&rsquo;Aswad)<br><br>Apr\u00e8s le Montreux Jazz China &amp; un petit tour en solitaire au Japon fin 2023, 2024 a \u00e9t\u00e9 marqu\u00e9 par, entre autres, <a href=\"https:\/\/reggae.fr\/lire-news\/22281_202402_David-Cairol-en-tournee-Jamaique--.html?fbclid=PAAaaDEPXPHTWPBQc6FCZCA8uKayezt9dj-rCoNRJxZ71-onjIbJIOsSaSbC8_aem_ATmpE3rjVn9-InRkpwZr3TvLcS91kXY3mEcm9cIIsuTSiM-9gMRm4LHak5eMHp4jsd8\" data-type=\"link\" data-id=\"https:\/\/reggae.fr\/lire-news\/22281_202402_David-Cairol-en-tournee-Jamaique--.html?fbclid=PAAaaDEPXPHTWPBQc6FCZCA8uKayezt9dj-rCoNRJxZ71-onjIbJIOsSaSbC8_aem_ATmpE3rjVn9-InRkpwZr3TvLcS91kXY3mEcm9cIIsuTSiM-9gMRm4LHak5eMHp4jsd8\">sa participation \u00e0 Kingston aux Celebration Days de l&rsquo;anniversaire de Bob<\/a>, sa <a href=\"https:\/\/www.ostrodareggae.com\/david-cairol-francja\" data-type=\"link\" data-id=\"https:\/\/www.ostrodareggae.com\/david-cairol-francja\">premi\u00e8re date polonaise \u00e0 l&rsquo;Ostrada Festival<\/a>, sa contributions aux animations de la d\u00e9l\u00e9gation jama\u00efcaine durant les JO de Paris, ou encore son feat avec les Wailers au <a href=\"https:\/\/www.sunska.fr\/project\/david-cairol\/\" data-type=\"link\" data-id=\"https:\/\/www.sunska.fr\/project\/david-cairol\/\">Sun Ska<\/a>. <br><br>En 2025, il retourne \u00e0 Kingston pour enregistrer son prochain LP (\u00e0 para\u00eetre d\u00e9but 2027) chez et avec rien que moins que Mr <a href=\"https:\/\/en.wikipedia.org\/wiki\/Clive_Hunt\">Clive Hunt<\/a>, album sur lequel il y aura des featurings de grands du genre dont il a le secret, tels que <a href=\"https:\/\/fr.wikipedia.org\/wiki\/Ken_Boothe\">Ken Boothe<\/a>, <a href=\"https:\/\/fr.wikipedia.org\/wiki\/Ky-Mani_Marley\">Ky-Mani Marley<\/a>, <a href=\"https:\/\/fr.wikipedia.org\/wiki\/The_Skatalites\">The Skatalites<\/a>, and many others more to come.<br><br>D&rsquo;ici la parution de ce prochain LP, il sort en 2025\/26 deux nouveaux EP&rsquo;s de ces Bridges culturels qu&rsquo;il s&rsquo;applique \u00e0 construire \u00e0 travers le globe : le <a href=\"http:\/\/baco.lnk.to\/LoveLive\">1er fin 2025 avec des artistes de l&rsquo;Oc\u00e9an Pacifique<\/a>, le second au printemps 2026, avec les buddies fran\u00e7ais, avec qu&rsquo;il partage l&rsquo;amour du reggae et r\u00e9guli\u00e8rement des sc\u00e8ne,s tels que <a href=\"https:\/\/fr.wikipedia.org\/wiki\/Ta%C3%AFro\">Ta\u00efro<\/a>, <a href=\"https:\/\/fr.wikipedia.org\/wiki\/Rik%C3%A9\">Rik\u00e9 <\/a>de Sins\u00e9, ou les copains aquitains de <a href=\"https:\/\/fr.wikipedia.org\/wiki\/Ryon\">Ryon<\/a>. <\/p>\n\n\n\n<div class=\"wp-block-buttons is-content-justification-center is-layout-flex wp-container-core-buttons-is-layout-a89b3969 wp-block-buttons-is-layout-flex\">\n<div class=\"wp-block-button\"><a class=\"wp-block-button__link wp-element-button\" href=\"https:\/\/reggae.fr\/lire-news\/22281_202402_David-Cairol-en-tournee-Jamaique--.html?fbclid=PAAaaDEPXPHTWPBQc6FCZCA8uKayezt9dj-rCoNRJxZ71-onjIbJIOsSaSbC8_aem_ATmpE3rjVn9-InRkpwZr3TvLcS91kXY3mEcm9cIIsuTSiM-9gMRm4LHak5eMHp4jsd8\">David en Jama\u00efque F\u00e9vrier24, article Reggae.fr<\/a><\/div>\n<\/div>\n\n\n\n<figure class=\"wp-block-embed is-type-video is-provider-youtube wp-block-embed-youtube wp-embed-aspect-16-9 wp-has-aspect-ratio\"><div class=\"wp-block-embed__wrapper\">\n<iframe loading=\"lazy\" title=\"David Cairol feat. Brinsley Forde &amp; Var - Building Bridges (Official Video 2021)\" width=\"500\" height=\"281\" src=\"https:\/\/www.youtube.com\/embed\/kdNOIFCLv_4?feature=oembed\" frameborder=\"0\" allow=\"accelerometer; autoplay; clipboard-write; encrypted-media; gyroscope; picture-in-picture; web-share\" referrerpolicy=\"strict-origin-when-cross-origin\" allowfullscreen><\/iframe>\n<\/div><figcaption class=\"wp-element-caption\">Building Bridges- feat. Brinsley Forde &amp; Var &#8211; (Official Video 2021) &#8211; <\/figcaption><\/figure>\n\n\n\n<figure class=\"wp-block-embed is-type-video is-provider-youtube wp-block-embed-youtube wp-embed-aspect-16-9 wp-has-aspect-ratio\"><div class=\"wp-block-embed__wrapper\">\n<iframe loading=\"lazy\" title=\"David Cairol &amp; Skool Band  - Hope Road (Live at Harry J Recording Studio, Kingston, Jamaica)\" width=\"500\" height=\"281\" src=\"https:\/\/www.youtube.com\/embed\/EHMFvcDsVP4?feature=oembed\" frameborder=\"0\" allow=\"accelerometer; autoplay; clipboard-write; encrypted-media; gyroscope; picture-in-picture; web-share\" referrerpolicy=\"strict-origin-when-cross-origin\" allowfullscreen><\/iframe>\n<\/div><figcaption class=\"wp-element-caption\">Hope Road Live @Harry J Studio feat Skool Band<\/figcaption><\/figure>\n\n\n\n<figure class=\"wp-block-embed is-type-video is-provider-youtube wp-block-embed-youtube wp-embed-aspect-16-9 wp-has-aspect-ratio\"><div class=\"wp-block-embed__wrapper\">\n<iframe loading=\"lazy\" title=\"David Cairol - U.N.I (Live at Montreux Jazz Festival China 2023)\" width=\"500\" height=\"281\" src=\"https:\/\/www.youtube.com\/embed\/WVwznxrqEqo?feature=oembed\" frameborder=\"0\" allow=\"accelerometer; autoplay; clipboard-write; encrypted-media; gyroscope; picture-in-picture; web-share\" referrerpolicy=\"strict-origin-when-cross-origin\" allowfullscreen><\/iframe>\n<\/div><figcaption class=\"wp-element-caption\">U.N.I Live @MontreuxJazzChina Oct.2023<\/figcaption><\/figure>\n\n\n\n<figure class=\"wp-block-embed is-type-video is-provider-youtube wp-block-embed-youtube wp-embed-aspect-16-9 wp-has-aspect-ratio\"><div class=\"wp-block-embed__wrapper\">\n<iframe loading=\"lazy\" title=\"David Cairol -  Morphed faces [Official Music Video 2023]\" width=\"500\" height=\"281\" src=\"https:\/\/www.youtube.com\/embed\/rDepuoEB5Ao?feature=oembed\" frameborder=\"0\" allow=\"accelerometer; autoplay; clipboard-write; encrypted-media; gyroscope; picture-in-picture; web-share\" referrerpolicy=\"strict-origin-when-cross-origin\" allowfullscreen><\/iframe>\n<\/div><figcaption class=\"wp-element-caption\">Morphed faces [Official Music Video 2023]<\/figcaption><\/figure>\n\n\n\n<figure class=\"wp-block-embed is-type-video is-provider-youtube wp-block-embed-youtube wp-embed-aspect-16-9 wp-has-aspect-ratio\"><div class=\"wp-block-embed__wrapper\">\n<iframe loading=\"lazy\" title=\"David Cairol feat. Rik Jam - Heartcore [Official Video 2021]\" width=\"500\" height=\"281\" src=\"https:\/\/www.youtube.com\/embed\/1lesEo8fwhs?feature=oembed\" frameborder=\"0\" allow=\"accelerometer; autoplay; clipboard-write; encrypted-media; gyroscope; picture-in-picture; web-share\" referrerpolicy=\"strict-origin-when-cross-origin\" allowfullscreen><\/iframe>\n<\/div><\/figure>\n\n\n\n<div class=\"wp-block-buttons is-content-justification-center is-layout-flex wp-container-core-buttons-is-layout-a89b3969 wp-block-buttons-is-layout-flex\">\n<div class=\"wp-block-button\"><a class=\"wp-block-button__link wp-element-button\" href=\"https:\/\/open.spotify.com\/intl-fr\/artist\/11k7hhvKabBFlR9LkBflig\">David Cairol sur Spotify<\/a><\/div>\n\n\n\n<div class=\"wp-block-button\"><a class=\"wp-block-button__link wp-element-button\" href=\"https:\/\/www.deezer.com\/fr\/artist\/507642\">David Cairol sur Deezer<\/a><\/div>\n\n\n\n<div class=\"wp-block-button\"><a class=\"wp-block-button__link wp-element-button\" href=\"https:\/\/www.facebook.com\/davidcairol.officiel\">David Cairol sur FaceBook<\/a><\/div>\n\n\n\n<div class=\"wp-block-button\"><a class=\"wp-block-button__link wp-element-button\" href=\"https:\/\/www.instagram.com\/davidcairol\/\">David Cairol sur Insta<\/a><\/div>\n\n\n\n<div class=\"wp-block-button\"><a class=\"wp-block-button__link wp-element-button\" href=\"https:\/\/www.youtube.com\/channel\/UCC5vxa9qlO-FQ1zFhuiKoRA\">David Cairol sur YouTube<\/a><\/div>\n<\/div>\n","protected":false},"excerpt":{"rendered":"<p>BOOKING FRANCE &amp; INTERNATIONAL ( except Jamaica &amp; USA ) A para\u00eetre \u00ab\u00a0French Bridges\u00a0\u00bb (You.N.I\/Baco) 21 Mai 2026 1er single \u00ab\u00a0Ticket Pour Mars\u00a0\u00bb feat Ta\u00efro sortie le 20 Mars 2026 (U.N.I\/Baco) Sortie EP \u00ab\u00a0Pacific Bridges \u00a0\u00bb (You.N.I\/Baco) 7 D\u00e9cembre 20251er single le 10 Octobre 2025 \u00ab\u00a0Love &amp; Live\u00a0\u00bb feat Fab I&amp;I2\u00e8me single le 7 Novembre [&hellip;]<\/p>\n","protected":false},"author":1,"featured_media":0,"parent":353,"menu_order":0,"comment_status":"closed","ping_status":"closed","template":"","meta":{"footnotes":""},"class_list":["post-390","page","type-page","status-publish","hentry"],"_links":{"self":[{"href":"https:\/\/www.tourmi.co\/index.php\/wp-json\/wp\/v2\/pages\/390","targetHints":{"allow":["GET"]}}],"collection":[{"href":"https:\/\/www.tourmi.co\/index.php\/wp-json\/wp\/v2\/pages"}],"about":[{"href":"https:\/\/www.tourmi.co\/index.php\/wp-json\/wp\/v2\/types\/page"}],"author":[{"embeddable":true,"href":"https:\/\/www.tourmi.co\/index.php\/wp-json\/wp\/v2\/users\/1"}],"replies":[{"embeddable":true,"href":"https:\/\/www.tourmi.co\/index.php\/wp-json\/wp\/v2\/comments?post=390"}],"version-history":[{"count":37,"href":"https:\/\/www.tourmi.co\/index.php\/wp-json\/wp\/v2\/pages\/390\/revisions"}],"predecessor-version":[{"id":1523,"href":"https:\/\/www.tourmi.co\/index.php\/wp-json\/wp\/v2\/pages\/390\/revisions\/1523"}],"up":[{"embeddable":true,"href":"https:\/\/www.tourmi.co\/index.php\/wp-json\/wp\/v2\/pages\/353"}],"wp:attachment":[{"href":"https:\/\/www.tourmi.co\/index.php\/wp-json\/wp\/v2\/media?parent=390"}],"curies":[{"name":"wp","href":"https:\/\/api.w.org\/{rel}","templated":true}]}}