{"id":400,"date":"2023-09-13T18:19:04","date_gmt":"2023-09-13T16:19:04","guid":{"rendered":"http:\/\/www.tourmi.co\/?page_id=400"},"modified":"2026-04-13T14:08:00","modified_gmt":"2026-04-13T12:08:00","slug":"tangomotan","status":"publish","type":"page","link":"https:\/\/www.tourmi.co\/index.php\/musique\/tangomotan\/","title":{"rendered":"TANGOMOTAN"},"content":{"rendered":"\n<p class=\"has-text-align-center\"><br><br><strong>Booking France &amp; International<\/strong><\/p>\n\n\n\n<p class=\"has-text-align-center\"><strong>Nouveaux singles \u00e0 para\u00eetre ( NoaMusic\/Baco ) : <\/strong><br>\u00ab\u00a0Billie\u00a0\u00bb le 16 Mai 2026<br>\u00ab\u00a0Loco\u00a0\u00bb le 17 Juin 2026<\/p>\n\n\n\n<p><\/p>\n\n\n\n<figure class=\"wp-block-embed is-type-video is-provider-youtube wp-block-embed-youtube wp-embed-aspect-16-9 wp-has-aspect-ratio\"><div class=\"wp-block-embed__wrapper\">\n<iframe loading=\"lazy\" title=\"L&#039;\u00c9TREINTE - Petite Gueule x Tangomot\u00e1n - (Live Session)\" width=\"500\" height=\"281\" src=\"https:\/\/www.youtube.com\/embed\/VdVVoiNmDHE?feature=oembed\" frameborder=\"0\" allow=\"accelerometer; autoplay; clipboard-write; encrypted-media; gyroscope; picture-in-picture; web-share\" referrerpolicy=\"strict-origin-when-cross-origin\" allowfullscreen><\/iframe>\n<\/div><figcaption class=\"wp-element-caption\">Live-Session sortie le 3 F\u00e9vrier 2026, capt\u00e9 \u00e0 A\u00e9ri par Les Bonnes R\u00e9solutions Production<\/figcaption><\/figure>\n\n\n\n<figure class=\"wp-block-image size-large\"><a href=\"https:\/\/baco.lnk.to\/SINGLELetreinte\"><img loading=\"lazy\" decoding=\"async\" width=\"1024\" height=\"962\" src=\"https:\/\/www.tourmi.co\/wp-content\/uploads\/2026\/01\/Visuel-EtreinteSingle-PG-TGA-300126-1024x962.jpg\" alt=\"\" class=\"wp-image-1475\" srcset=\"https:\/\/www.tourmi.co\/wp-content\/uploads\/2026\/01\/Visuel-EtreinteSingle-PG-TGA-300126-1024x962.jpg 1024w, https:\/\/www.tourmi.co\/wp-content\/uploads\/2026\/01\/Visuel-EtreinteSingle-PG-TGA-300126-300x282.jpg 300w, https:\/\/www.tourmi.co\/wp-content\/uploads\/2026\/01\/Visuel-EtreinteSingle-PG-TGA-300126-768x722.jpg 768w, https:\/\/www.tourmi.co\/wp-content\/uploads\/2026\/01\/Visuel-EtreinteSingle-PG-TGA-300126.jpg 1440w\" sizes=\"auto, (max-width: 1024px) 100vw, 1024px\" \/><\/a><figcaption class=\"wp-element-caption\">Nouveau Single \u00ab\u00a0<a href=\"https:\/\/baco.lnk.to\/SINGLELetreinte\" data-type=\"link\" data-id=\"https:\/\/baco.lnk.to\/SINGLELetreinte\">L&rsquo;Etreinte<\/a>\u00a0\u00bb feat. Petite Gueule, sortie le 30 Janvier 2026 sur les plateformes <br>+ Vid\u00e9o Live-Session le 3 F\u00e9vrier 2026<\/figcaption><\/figure>\n\n\n\n<figure class=\"wp-block-image size-large\"><img loading=\"lazy\" decoding=\"async\" width=\"768\" height=\"1024\" src=\"https:\/\/www.tourmi.co\/wp-content\/uploads\/2025\/11\/Photo-Tangomotan-2025-officielle-768x1024.jpg\" alt=\"\" class=\"wp-image-1425\" srcset=\"https:\/\/www.tourmi.co\/wp-content\/uploads\/2025\/11\/Photo-Tangomotan-2025-officielle-768x1024.jpg 768w, https:\/\/www.tourmi.co\/wp-content\/uploads\/2025\/11\/Photo-Tangomotan-2025-officielle-225x300.jpg 225w, https:\/\/www.tourmi.co\/wp-content\/uploads\/2025\/11\/Photo-Tangomotan-2025-officielle-1152x1536.jpg 1152w, https:\/\/www.tourmi.co\/wp-content\/uploads\/2025\/11\/Photo-Tangomotan-2025-officielle.jpg 1440w\" sizes=\"auto, (max-width: 768px) 100vw, 768px\" \/><\/figure>\n\n\n\n<p class=\"has-text-align-center\">La reconnexion du tango avec la danse, la fusion de l&rsquo;acoustique et de l&rsquo;\u00e9lectronique : voici le dernier projet de Tangomot\u00e1n \u00e0 travers ce nouvel album.<br>Tout en respectant les ruptures et l\u2019emphase qui fait la sp\u00e9cificit\u00e9 de cette musique, les 4 musiciens et leur bleu de travail fusionnent tradition et modernit\u00e9 et vous promettent un voyage dans l\u2019univers du tango \u00e0<br>leur mani\u00e8re et par la voie populaire et universelle qu\u2019est la danse.<\/p>\n\n\n\n<p class=\"has-text-align-center\">Les quatre musiciens, tou.s.tes issu.es de formations orchestrales et d&rsquo;\u00e9tudes en conservatoires, voient ce nouveau r\u00e9pertorie comme un \u00ab&nbsp;<strong>Tango Augment\u00e9<\/strong>&nbsp;\u00bb, o\u00f9 les \u00e9l\u00e9ments typiques du tango&nbsp;sont mis en valeur et amplifi\u00e9s&nbsp;par la&nbsp;MAO.&nbsp;Par cette nouvelle esth\u00e9tique, ils affirment leur entr\u00e9e dans les musiques actuelles.<\/p>\n\n\n\n<p class=\"has-text-align-center\"><strong>R\u00e9f\u00e9rences Lives <\/strong>: Cosmo Jazz Exp\u00e9rience, S\u00e9oul Music Week, Festival Villes des Musiques du Monde, Festival D\u00e9tours du Monde, Jazz au Phare, Jazz au Fil du Cher, le Grand Soufflet, Le Printemps des Bretelles, la Cigale, le Caf\u00e9 de la Danse, le Triton &#8230;<\/p>\n\n\n\n<p class=\"has-text-align-center\"><strong><a href=\"https:\/\/youtu.be\/VwGp4mRrUtQ\">Nouvelle Collab&rsquo; avec la rappeuse Petite Gueule, \u00e9trenn\u00e9e  le 17 Juillet 2025 au Son du Off d&rsquo;Avignon<\/a> &#8211; dispo pour co-plateau d\u00e8s Printemps 2026 <\/strong><\/p>\n\n\n\n<figure class=\"wp-block-image size-large\"><img loading=\"lazy\" decoding=\"async\" width=\"1024\" height=\"1024\" src=\"https:\/\/www.tourmi.co\/wp-content\/uploads\/2025\/10\/Visuel-TGA-PTG-25-1024x1024.jpg\" alt=\"\" class=\"wp-image-1408\" srcset=\"https:\/\/www.tourmi.co\/wp-content\/uploads\/2025\/10\/Visuel-TGA-PTG-25-1024x1024.jpg 1024w, https:\/\/www.tourmi.co\/wp-content\/uploads\/2025\/10\/Visuel-TGA-PTG-25-300x300.jpg 300w, https:\/\/www.tourmi.co\/wp-content\/uploads\/2025\/10\/Visuel-TGA-PTG-25-150x150.jpg 150w, https:\/\/www.tourmi.co\/wp-content\/uploads\/2025\/10\/Visuel-TGA-PTG-25-768x768.jpg 768w, https:\/\/www.tourmi.co\/wp-content\/uploads\/2025\/10\/Visuel-TGA-PTG-25.jpg 1080w\" sizes=\"auto, (max-width: 1024px) 100vw, 1024px\" \/><\/figure>\n\n\n\n<figure class=\"wp-block-embed is-type-video is-provider-youtube wp-block-embed-youtube wp-embed-aspect-16-9 wp-has-aspect-ratio\"><div class=\"wp-block-embed__wrapper\">\n<iframe loading=\"lazy\" title=\"TEASER TANGOMOT\u00c1N &amp; PETITE GUEULE\" width=\"500\" height=\"281\" src=\"https:\/\/www.youtube.com\/embed\/VwGp4mRrUtQ?feature=oembed\" frameborder=\"0\" allow=\"accelerometer; autoplay; clipboard-write; encrypted-media; gyroscope; picture-in-picture; web-share\" referrerpolicy=\"strict-origin-when-cross-origin\" allowfullscreen><\/iframe>\n<\/div><\/figure>\n\n\n\n<div class=\"wp-block-media-text has-media-on-the-right is-stacked-on-mobile\"><div class=\"wp-block-media-text__content\">\n<p class=\"has-text-align-center\">Souvenir 2024 (6\/9\/24)<br>@<a href=\"https:\/\/maps.app.goo.gl\/ZwNgVCZpKYMhXRAi7\" data-type=\"link\" data-id=\"https:\/\/maps.app.goo.gl\/ZwNgVCZpKYMhXRAi7\"><strong>Gwanghwamun Square<\/strong><\/a>, <br><strong><a href=\"https:\/\/www.facebook.com\/seoulmusicweek\" data-type=\"link\" data-id=\"https:\/\/www.facebook.com\/seoulmusicweek\">S\u00e9oul Music Week  <\/a><\/strong><\/p>\n<\/div><figure class=\"wp-block-media-text__media\"><img loading=\"lazy\" decoding=\"async\" width=\"1024\" height=\"1024\" src=\"https:\/\/www.tourmi.co\/wp-content\/uploads\/2024\/08\/FB_IMG_SMWTGA0924-accentOKmodif-1024x1024.jpg\" alt=\"\" class=\"wp-image-1000 size-full\" srcset=\"https:\/\/www.tourmi.co\/wp-content\/uploads\/2024\/08\/FB_IMG_SMWTGA0924-accentOKmodif-1024x1024.jpg 1024w, https:\/\/www.tourmi.co\/wp-content\/uploads\/2024\/08\/FB_IMG_SMWTGA0924-accentOKmodif-300x300.jpg 300w, https:\/\/www.tourmi.co\/wp-content\/uploads\/2024\/08\/FB_IMG_SMWTGA0924-accentOKmodif-150x150.jpg 150w, https:\/\/www.tourmi.co\/wp-content\/uploads\/2024\/08\/FB_IMG_SMWTGA0924-accentOKmodif-768x768.jpg 768w, https:\/\/www.tourmi.co\/wp-content\/uploads\/2024\/08\/FB_IMG_SMWTGA0924-accentOKmodif.jpg 1080w\" sizes=\"auto, (max-width: 1024px) 100vw, 1024px\" \/><\/figure><\/div>\n\n\n\n<figure class=\"wp-block-image size-large\"><img loading=\"lazy\" decoding=\"async\" width=\"1024\" height=\"768\" src=\"https:\/\/www.tourmi.co\/wp-content\/uploads\/2024\/09\/SMW24-TGApic-1024x768.jpg\" alt=\"\" class=\"wp-image-1019\" srcset=\"https:\/\/www.tourmi.co\/wp-content\/uploads\/2024\/09\/SMW24-TGApic-1024x768.jpg 1024w, https:\/\/www.tourmi.co\/wp-content\/uploads\/2024\/09\/SMW24-TGApic-300x225.jpg 300w, https:\/\/www.tourmi.co\/wp-content\/uploads\/2024\/09\/SMW24-TGApic-768x576.jpg 768w, https:\/\/www.tourmi.co\/wp-content\/uploads\/2024\/09\/SMW24-TGApic.jpg 1080w\" sizes=\"auto, (max-width: 1024px) 100vw, 1024px\" \/><\/figure>\n\n\n\n<figure class=\"wp-block-embed is-type-video is-provider-youtube wp-block-embed-youtube wp-embed-aspect-16-9 wp-has-aspect-ratio\"><div class=\"wp-block-embed__wrapper\">\n<iframe loading=\"lazy\" title=\"TANGOMOT\u00c1N - 132 Seoul Edit\" width=\"500\" height=\"281\" src=\"https:\/\/www.youtube.com\/embed\/eaJy7CQ-LBw?feature=oembed\" frameborder=\"0\" allow=\"accelerometer; autoplay; clipboard-write; encrypted-media; gyroscope; picture-in-picture; web-share\" referrerpolicy=\"strict-origin-when-cross-origin\" allowfullscreen><\/iframe>\n<\/div><\/figure>\n\n\n\n<figure class=\"wp-block-image size-large\"><img loading=\"lazy\" decoding=\"async\" width=\"1024\" height=\"924\" src=\"https:\/\/www.tourmi.co\/wp-content\/uploads\/2024\/03\/VisuelMotan0324-1024x924.jpg\" alt=\"\" class=\"wp-image-878\" srcset=\"https:\/\/www.tourmi.co\/wp-content\/uploads\/2024\/03\/VisuelMotan0324-1024x924.jpg 1024w, https:\/\/www.tourmi.co\/wp-content\/uploads\/2024\/03\/VisuelMotan0324-300x271.jpg 300w, https:\/\/www.tourmi.co\/wp-content\/uploads\/2024\/03\/VisuelMotan0324-768x693.jpg 768w, https:\/\/www.tourmi.co\/wp-content\/uploads\/2024\/03\/VisuelMotan0324.jpg 1080w\" sizes=\"auto, (max-width: 1024px) 100vw, 1024px\" \/><figcaption class=\"wp-element-caption\">3\u00e8me album Mot\u00e0n (NoaMusic\/Baco ) sorti le 15 Mars 2024 disponibles sur toutes les plateformes<\/figcaption><\/figure>\n\n\n\n<p class=\"has-text-align-center\">&#8211; <strong>3\u00e8me album  <a href=\"https:\/\/baco.lnk.to\/MotanAlbum\" data-type=\"link\" data-id=\"https:\/\/baco.lnk.to\/MotanAlbum\">Mot\u00e0n <\/a>15 Mars 2024 (Noa Music\/BacoDistrib&rsquo;)<\/strong> &#8211;<br>\u00ab\u00a0<em>Fi\u00e9vreusement canaille, leur tango attise ind\u00e9niablement le d\u00e9sir de danser\u00a0\u00bb Patrick Labesse, Le Monde, s\u00e9lection albums 22 Mars 2024<\/em><br><br>Apr\u00e8s deux albums, dont un en collaboration avec le chanteur Sans\u00e9verino, (cf <a href=\"https:\/\/www.deezer.com\/fr\/album\/106502392\" target=\"_blank\" rel=\"noreferrer noopener\">deezer<\/a>&nbsp;&amp;&nbsp;<a href=\"https:\/\/open.spotify.com\/album\/1MsiDy16zt8GrMGcKTBjpB\" target=\"_blank\" rel=\"noreferrer noopener\">spotify<\/a>&nbsp;) les musiciens de Tangomot\u00e1n continuent d&rsquo;explorer avec ce groupe les hybridations du tango, et ont sorti leur troisi\u00e8me opus Mot\u00e0n. <br>Ce nouveau r\u00e9pertoire laisse entrevoir le&nbsp;<strong>lien possible entre le tango traditionnel et la musique actuelle<\/strong>, en int\u00e9grant le besoin de faire danser leur public.<\/p>\n\n\n\n<figure class=\"wp-block-image size-large\"><img loading=\"lazy\" decoding=\"async\" width=\"724\" height=\"1024\" src=\"https:\/\/www.tourmi.co\/wp-content\/uploads\/2024\/03\/Chronique-LeMonde-220324-Motan-724x1024.png\" alt=\"\" class=\"wp-image-893\" srcset=\"https:\/\/www.tourmi.co\/wp-content\/uploads\/2024\/03\/Chronique-LeMonde-220324-Motan-724x1024.png 724w, https:\/\/www.tourmi.co\/wp-content\/uploads\/2024\/03\/Chronique-LeMonde-220324-Motan-212x300.png 212w, https:\/\/www.tourmi.co\/wp-content\/uploads\/2024\/03\/Chronique-LeMonde-220324-Motan-768x1086.png 768w, https:\/\/www.tourmi.co\/wp-content\/uploads\/2024\/03\/Chronique-LeMonde-220324-Motan-1086x1536.png 1086w, https:\/\/www.tourmi.co\/wp-content\/uploads\/2024\/03\/Chronique-LeMonde-220324-Motan.png 1414w\" sizes=\"auto, (max-width: 724px) 100vw, 724px\" \/><\/figure>\n\n\n\n<figure class=\"wp-block-embed is-type-video is-provider-youtube wp-block-embed-youtube wp-embed-aspect-4-3 wp-has-aspect-ratio\"><div class=\"wp-block-embed__wrapper\">\n<iframe loading=\"lazy\" title=\"ARMAS \u2022 CLIP OFFICIEL\" width=\"500\" height=\"375\" src=\"https:\/\/www.youtube.com\/embed\/rL3rUxcIUPA?feature=oembed\" frameborder=\"0\" allow=\"accelerometer; autoplay; clipboard-write; encrypted-media; gyroscope; picture-in-picture; web-share\" referrerpolicy=\"strict-origin-when-cross-origin\" allowfullscreen><\/iframe>\n<\/div><figcaption class=\"wp-element-caption\">Armas, nouveau clip sorti le 14 Juin 2024 ( r\u00e9alisation les Bonnes R\u00e9solutions )<\/figcaption><\/figure>\n\n\n\n<figure class=\"wp-block-embed is-type-video is-provider-youtube wp-block-embed-youtube wp-embed-aspect-16-9 wp-has-aspect-ratio\"><div class=\"wp-block-embed__wrapper\">\n<iframe loading=\"lazy\" title=\"TANGOMOT\u00c1N - Camelia\" width=\"500\" height=\"281\" src=\"https:\/\/www.youtube.com\/embed\/pQV5Ygs8XRU?feature=oembed\" frameborder=\"0\" allow=\"accelerometer; autoplay; clipboard-write; encrypted-media; gyroscope; picture-in-picture; web-share\" referrerpolicy=\"strict-origin-when-cross-origin\" allowfullscreen><\/iframe>\n<\/div><figcaption class=\"wp-element-caption\">Clip 1er single Camelia disponible sur toutes les <a href=\"https:\/\/baco.lnk.to\/Camelia\" data-type=\"link\" data-id=\"https:\/\/www.youtube.com\/redirect?event=video_description&amp;redir_token=QUFFLUhqbVNuYTllc0NSV2t1LUhqTjYtYndMTHpZRW1od3xBQ3Jtc0tuVlY0T3hFanE4SUlvYm5vSDBqc1J0MGVYeTFmeWdwU0pOQlpBdjJTRTkxQWhLTWJ3WE5GcHlJYlh6SnZwS2ZoRGRQckZkOHhqbVZQMld0RFJyLXBBT2lQOHppLWtyUXZmcENYOC01RDNpZGFiUVZxYw&amp;q=https%3A%2F%2Fbaco.lnk.to%2FCamelia&amp;v=pQV5Ygs8XRU\">plateformes <\/a><\/figcaption><\/figure>\n\n\n\n<figure class=\"wp-block-embed is-type-video is-provider-youtube wp-block-embed-youtube wp-embed-aspect-16-9 wp-has-aspect-ratio\"><div class=\"wp-block-embed__wrapper\">\n<iframe loading=\"lazy\" title=\"TANGOMOT\u00c1N \u2022 Teaser\" width=\"500\" height=\"281\" src=\"https:\/\/www.youtube.com\/embed\/0NOOTI5fCV8?start=28&#038;feature=oembed\" frameborder=\"0\" allow=\"accelerometer; autoplay; clipboard-write; encrypted-media; gyroscope; picture-in-picture; web-share\" referrerpolicy=\"strict-origin-when-cross-origin\" allowfullscreen><\/iframe>\n<\/div><figcaption class=\"wp-element-caption\">Teaser Live 2023\/24 @Caf\u00e9 de la Danse<\/figcaption><\/figure>\n\n\n\n<figure class=\"wp-block-embed is-type-video is-provider-youtube wp-block-embed-youtube wp-embed-aspect-16-9 wp-has-aspect-ratio\"><div class=\"wp-block-embed__wrapper\">\n<iframe loading=\"lazy\" title=\"TANGOMOT\u00c1N - Pu\u00f1al (Live session)\" width=\"500\" height=\"281\" src=\"https:\/\/www.youtube.com\/embed\/9S4jWdSc4LE?feature=oembed\" frameborder=\"0\" allow=\"accelerometer; autoplay; clipboard-write; encrypted-media; gyroscope; picture-in-picture; web-share\" referrerpolicy=\"strict-origin-when-cross-origin\" allowfullscreen><\/iframe>\n<\/div><figcaption class=\"wp-element-caption\">Punal LiveSession @LeDouze, Cergy(95)<\/figcaption><\/figure>\n\n\n\n<figure class=\"wp-block-embed is-type-video is-provider-youtube wp-block-embed-youtube wp-embed-aspect-16-9 wp-has-aspect-ratio\"><div class=\"wp-block-embed__wrapper\">\n<iframe loading=\"lazy\" title=\"TANGOMOT\u00c1N - Ambici\u00f3n (Live @Caf\u00e9 de la Danse, Paris)\" width=\"500\" height=\"281\" src=\"https:\/\/www.youtube.com\/embed\/MkmLOrCWizY?feature=oembed\" frameborder=\"0\" allow=\"accelerometer; autoplay; clipboard-write; encrypted-media; gyroscope; picture-in-picture; web-share\" referrerpolicy=\"strict-origin-when-cross-origin\" allowfullscreen><\/iframe>\n<\/div><figcaption class=\"wp-element-caption\">Ambicion Live \u00e0Caf\u00e9 de la Danse, Nov 2022<\/figcaption><\/figure>\n\n\n\n<div class=\"wp-block-buttons is-content-justification-center is-layout-flex wp-container-core-buttons-is-layout-a89b3969 wp-block-buttons-is-layout-flex\">\n<div class=\"wp-block-button\"><a class=\"wp-block-button__link wp-element-button\" href=\"https:\/\/open.spotify.com\/intl-fr\/artist\/2j1Q5MzR5rLIttrHfuW9J0\">TangoMotan sur Spotify<\/a><\/div>\n\n\n\n<div class=\"wp-block-button\"><a class=\"wp-block-button__link wp-element-button\" href=\"https:\/\/www.deezer.com\/fr\/artist\/12047634\">TangoMotan sur Deezer<\/a><\/div>\n\n\n\n<div class=\"wp-block-button\"><a class=\"wp-block-button__link wp-element-button\" href=\"https:\/\/www.facebook.com\/tangomotan\">TangoMotan sur FaceBook<\/a><\/div>\n<\/div>\n\n\n\n<div class=\"wp-block-buttons is-content-justification-center is-layout-flex wp-container-core-buttons-is-layout-a89b3969 wp-block-buttons-is-layout-flex\">\n<div class=\"wp-block-button\"><a class=\"wp-block-button__link wp-element-button\" href=\"https:\/\/www.instagram.com\/tangomotan\">TangoMotan sur Insta<\/a><\/div>\n\n\n\n<div class=\"wp-block-button\"><a class=\"wp-block-button__link wp-element-button\" href=\"https:\/\/www.youtube.com\/@tangomotanofficiel3862\">TangoMotan sur YouTube<\/a><\/div>\n<\/div>\n","protected":false},"excerpt":{"rendered":"<p>Booking France &amp; International Nouveaux singles \u00e0 para\u00eetre ( NoaMusic\/Baco ) : \u00ab\u00a0Billie\u00a0\u00bb le 16 Mai 2026\u00ab\u00a0Loco\u00a0\u00bb le 17 Juin 2026 La reconnexion du tango avec la danse, la fusion de l&rsquo;acoustique et de l&rsquo;\u00e9lectronique : voici le dernier projet de Tangomot\u00e1n \u00e0 travers ce nouvel album.Tout en respectant les ruptures et l\u2019emphase qui fait [&hellip;]<\/p>\n","protected":false},"author":1,"featured_media":0,"parent":353,"menu_order":0,"comment_status":"closed","ping_status":"closed","template":"","meta":{"footnotes":""},"class_list":["post-400","page","type-page","status-publish","hentry"],"_links":{"self":[{"href":"https:\/\/www.tourmi.co\/index.php\/wp-json\/wp\/v2\/pages\/400","targetHints":{"allow":["GET"]}}],"collection":[{"href":"https:\/\/www.tourmi.co\/index.php\/wp-json\/wp\/v2\/pages"}],"about":[{"href":"https:\/\/www.tourmi.co\/index.php\/wp-json\/wp\/v2\/types\/page"}],"author":[{"embeddable":true,"href":"https:\/\/www.tourmi.co\/index.php\/wp-json\/wp\/v2\/users\/1"}],"replies":[{"embeddable":true,"href":"https:\/\/www.tourmi.co\/index.php\/wp-json\/wp\/v2\/comments?post=400"}],"version-history":[{"count":33,"href":"https:\/\/www.tourmi.co\/index.php\/wp-json\/wp\/v2\/pages\/400\/revisions"}],"predecessor-version":[{"id":1531,"href":"https:\/\/www.tourmi.co\/index.php\/wp-json\/wp\/v2\/pages\/400\/revisions\/1531"}],"up":[{"embeddable":true,"href":"https:\/\/www.tourmi.co\/index.php\/wp-json\/wp\/v2\/pages\/353"}],"wp:attachment":[{"href":"https:\/\/www.tourmi.co\/index.php\/wp-json\/wp\/v2\/media?parent=400"}],"curies":[{"name":"wp","href":"https:\/\/api.w.org\/{rel}","templated":true}]}}