{"id":463,"date":"2023-09-14T15:17:51","date_gmt":"2023-09-14T13:17:51","guid":{"rendered":"http:\/\/www.tourmi.co\/?page_id=463"},"modified":"2023-09-18T11:54:05","modified_gmt":"2023-09-18T09:54:05","slug":"compagnie-1-watt","status":"publish","type":"page","link":"https:\/\/www.tourmi.co\/index.php\/arts-de-la-rue\/compagnie-1-watt\/","title":{"rendered":"COMPAGNIE 1 WATT"},"content":{"rendered":"\n<h2 class=\"wp-block-heading has-text-align-center\">NOUVELLES DE NOO(OO)NE<\/h2>\n\n\n\n<figure class=\"wp-block-image size-large\"><img loading=\"lazy\" decoding=\"async\" width=\"1024\" height=\"683\" src=\"https:\/\/www.tourmi.co\/wp-content\/uploads\/2023\/04\/1-Watt-Noone-2-\u00a9Kalimba--1024x683.jpg\" alt=\"\" class=\"wp-image-173\" srcset=\"https:\/\/www.tourmi.co\/wp-content\/uploads\/2023\/04\/1-Watt-Noone-2-\u00a9Kalimba--1024x683.jpg 1024w, https:\/\/www.tourmi.co\/wp-content\/uploads\/2023\/04\/1-Watt-Noone-2-\u00a9Kalimba--300x200.jpg 300w, https:\/\/www.tourmi.co\/wp-content\/uploads\/2023\/04\/1-Watt-Noone-2-\u00a9Kalimba--768x512.jpg 768w, https:\/\/www.tourmi.co\/wp-content\/uploads\/2023\/04\/1-Watt-Noone-2-\u00a9Kalimba--1536x1024.jpg 1536w, https:\/\/www.tourmi.co\/wp-content\/uploads\/2023\/04\/1-Watt-Noone-2-\u00a9Kalimba--2048x1365.jpg 2048w\" sizes=\"auto, (max-width: 1024px) 100vw, 1024px\" \/><figcaption class=\"wp-element-caption\"><strong>1 Watt &#8211; Noone 2 \u00a9Kalimba<\/strong><\/figcaption><\/figure>\n\n\n\n<figure class=\"wp-block-image size-large\"><img loading=\"lazy\" decoding=\"async\" width=\"1024\" height=\"683\" src=\"https:\/\/www.tourmi.co\/wp-content\/uploads\/2023\/04\/1Watt_Nouvelles1_\u00a9Sileks-1024x683.jpg\" alt=\"\" class=\"wp-image-175\" srcset=\"https:\/\/www.tourmi.co\/wp-content\/uploads\/2023\/04\/1Watt_Nouvelles1_\u00a9Sileks-1024x683.jpg 1024w, https:\/\/www.tourmi.co\/wp-content\/uploads\/2023\/04\/1Watt_Nouvelles1_\u00a9Sileks-300x200.jpg 300w, https:\/\/www.tourmi.co\/wp-content\/uploads\/2023\/04\/1Watt_Nouvelles1_\u00a9Sileks-768x512.jpg 768w, https:\/\/www.tourmi.co\/wp-content\/uploads\/2023\/04\/1Watt_Nouvelles1_\u00a9Sileks-1536x1024.jpg 1536w, https:\/\/www.tourmi.co\/wp-content\/uploads\/2023\/04\/1Watt_Nouvelles1_\u00a9Sileks.jpg 1920w\" sizes=\"auto, (max-width: 1024px) 100vw, 1024px\" \/><figcaption class=\"wp-element-caption\"><strong>1Watt_Nouvelles1_\u00a9Sileks<\/strong><\/figcaption><\/figure>\n\n\n\n<figure class=\"wp-block-embed is-type-video is-provider-youtube wp-block-embed-youtube wp-embed-aspect-16-9 wp-has-aspect-ratio\"><div class=\"wp-block-embed__wrapper\">\n<iframe loading=\"lazy\" title=\"Nouvelles de n(oo)ne - 1Watt compagnie\" width=\"500\" height=\"281\" src=\"https:\/\/www.youtube.com\/embed\/7zLAFrflznA?feature=oembed\" frameborder=\"0\" allow=\"accelerometer; autoplay; clipboard-write; encrypted-media; gyroscope; picture-in-picture; web-share\" referrerpolicy=\"strict-origin-when-cross-origin\" allowfullscreen><\/iframe>\n<\/div><\/figure>\n\n\n\n<hr class=\"wp-block-separator has-alpha-channel-opacity\"\/>\n\n\n\n<p class=\"has-text-align-center\">\u00c7a commence par son histoire \u00e0 elle&nbsp;; les divagations d&rsquo;une jeune femme \u00e0 la crois\u00e9e des chemins entre art, f\u00eate, rock et th\u00e9\u00e2tre. Il arrive, tout \u00e0 ses d\u00e9tours, une envie incommensurable que le corps exulte.<\/p>\n\n\n\n<p class=\"has-text-align-center\">S\u2019ensuit une travers\u00e9e chaotique o\u00f9 les pieds savent ils vont, o\u00f9 leurs corps vieillissants tentent, font f\u00eate sauvage, dansent brute.<\/p>\n\n\n\n<p class=\"has-text-align-center\">Ce spectacle est une sorte de puzzle qui s\u2019articule autour de la musique \u00e9lectro et un texte de la pi\u00e8ce \u00ab&nbsp;Par les villages&nbsp;\u00bb de Peter Handke.<\/p>\n\n\n\n<hr class=\"wp-block-separator has-alpha-channel-opacity\"\/>\n\n\n\n<div class=\"wp-block-buttons is-content-justification-center is-layout-flex wp-container-core-buttons-is-layout-a89b3969 wp-block-buttons-is-layout-flex\">\n<div class=\"wp-block-button\"><a class=\"wp-block-button__link wp-element-button\" href=\"https:\/\/1watt.eu\/agenda\/\"><strong>Agenda Cie 1Watt <\/strong><\/a><\/div>\n<\/div>\n\n\n\n<div class=\"wp-block-buttons is-content-justification-center is-layout-flex wp-container-core-buttons-is-layout-a89b3969 wp-block-buttons-is-layout-flex\">\n<div class=\"wp-block-button\"><a class=\"wp-block-button__link wp-element-button\" href=\"mailto: paco[at]tourmi[dot]co\"><strong>Contact diffusion :<br>paco[at]tourmi[dot]co<br>+33(0)682 521 167<\/strong><\/a><\/div>\n<\/div>\n\n\n\n<hr class=\"wp-block-separator has-alpha-channel-opacity\"\/>\n\n\n\n<div class=\"wp-block-buttons is-content-justification-center is-layout-flex wp-container-core-buttons-is-layout-a89b3969 wp-block-buttons-is-layout-flex\">\n<div class=\"wp-block-button\"><a class=\"wp-block-button__link wp-element-button\" href=\"https:\/\/www.tourmi.co\/wp-content\/uploads\/2023\/04\/1Watt_Nouvelles-de-noooone.pdf\"><strong>Dossier de pr\u00e9sentation FR<\/strong><\/a><\/div>\n<\/div>\n\n\n\n<div class=\"wp-block-buttons is-layout-flex wp-block-buttons-is-layout-flex\">\n<div class=\"wp-block-button\"><a class=\"wp-block-button__link wp-element-button\" href=\"http:\/\/tourmi.co\/wp-content\/uploads\/2023\/04\/1Watt-Two-bodies-technique-.pdf(ouvre un nouvel onglet) tourmi.co\/wp-content\/uploads\/2023\/04\/1Watt-Two-bodies-technique-.pdf\"><strong>Fiche technique FR 2 Bodies<\/strong><\/a><\/div>\n\n\n\n<div class=\"wp-block-button\"><a class=\"wp-block-button__link wp-element-button\" href=\"http:\/\/tourmi.co\/wp-content\/uploads\/2023\/04\/1Watt-Four-bodies-technique.pdf(ouvre un nouvel onglet) tourmi.co\/wp-content\/uploads\/2023\/04\/1Watt-Four-bodies-technique.pdf\"><strong>Fiche technique FR 4 Bodies<\/strong><\/a><\/div>\n<\/div>\n","protected":false},"excerpt":{"rendered":"<p>NOUVELLES DE NOO(OO)NE \u00c7a commence par son histoire \u00e0 elle&nbsp;; les divagations d&rsquo;une jeune femme \u00e0 la crois\u00e9e des chemins entre art, f\u00eate, rock et th\u00e9\u00e2tre. Il arrive, tout \u00e0 ses d\u00e9tours, une envie incommensurable que le corps exulte. S\u2019ensuit une travers\u00e9e chaotique o\u00f9 les pieds savent ils vont, o\u00f9 leurs corps vieillissants tentent, font [&hellip;]<\/p>\n","protected":false},"author":1,"featured_media":0,"parent":455,"menu_order":2,"comment_status":"closed","ping_status":"closed","template":"","meta":{"footnotes":""},"class_list":["post-463","page","type-page","status-publish","hentry"],"_links":{"self":[{"href":"https:\/\/www.tourmi.co\/index.php\/wp-json\/wp\/v2\/pages\/463","targetHints":{"allow":["GET"]}}],"collection":[{"href":"https:\/\/www.tourmi.co\/index.php\/wp-json\/wp\/v2\/pages"}],"about":[{"href":"https:\/\/www.tourmi.co\/index.php\/wp-json\/wp\/v2\/types\/page"}],"author":[{"embeddable":true,"href":"https:\/\/www.tourmi.co\/index.php\/wp-json\/wp\/v2\/users\/1"}],"replies":[{"embeddable":true,"href":"https:\/\/www.tourmi.co\/index.php\/wp-json\/wp\/v2\/comments?post=463"}],"version-history":[{"count":5,"href":"https:\/\/www.tourmi.co\/index.php\/wp-json\/wp\/v2\/pages\/463\/revisions"}],"predecessor-version":[{"id":621,"href":"https:\/\/www.tourmi.co\/index.php\/wp-json\/wp\/v2\/pages\/463\/revisions\/621"}],"up":[{"embeddable":true,"href":"https:\/\/www.tourmi.co\/index.php\/wp-json\/wp\/v2\/pages\/455"}],"wp:attachment":[{"href":"https:\/\/www.tourmi.co\/index.php\/wp-json\/wp\/v2\/media?parent=463"}],"curies":[{"name":"wp","href":"https:\/\/api.w.org\/{rel}","templated":true}]}}