{"id":467,"date":"2023-09-14T17:46:39","date_gmt":"2023-09-14T15:46:39","guid":{"rendered":"http:\/\/www.tourmi.co\/?page_id=467"},"modified":"2024-05-02T10:58:37","modified_gmt":"2024-05-02T08:58:37","slug":"arts-visuels","status":"publish","type":"page","link":"https:\/\/www.tourmi.co\/index.php\/arts-visuels\/","title":{"rendered":"ARTS VISUELS"},"content":{"rendered":"\n<p class=\"has-text-align-right\"><em><strong>\u00ab\u00a0Pour celui qui contemple l&rsquo;univers avec des yeux d&rsquo;artiste, c&rsquo;est la gr\u00e2ce qui  se lit \u00e0 travers la beaut\u00e9, et c&rsquo;est la bont\u00e9 qui transpara\u00eet sous la gr\u00e2ce\u00a0\u00bb Henri Bergson , La pens\u00e9e &amp; le mouvant, 1934 <\/strong><\/em><\/p>\n\n\n\n<p class=\"has-text-align-center\">Des besoins pour : <br>un nouveau visuel, une affiche de concert, de spectacle, une plaquette de saison, du merchandising, une pochette d&rsquo;album ou de vinyle, une sc\u00e9nographie d&rsquo;\u00e9v\u00e9nement, une signal\u00e9tique ou toute autre id\u00e9e loufoque et originale,<br>Vous \u00eates au bon endroit ! <br><br>Pour toute demande d&rsquo;infos <\/p>\n\n\n\n<div class=\"wp-block-buttons is-content-justification-center is-layout-flex wp-container-core-buttons-is-layout-a89b3969 wp-block-buttons-is-layout-flex\">\n<div class=\"wp-block-button\"><a class=\"wp-block-button__link wp-element-button\" href=\"mailto:mimi[at]tourmi[dot]co\"><strong>mimi<\/strong><strong>[at]tourmi[point]co<\/strong><\/a><\/div>\n<\/div>\n\n\n\n<p class=\"has-text-align-center\"><\/p>\n\n\n\n<ul class=\"wp-block-list\">\n<li><a href=\"https:\/\/www.tourmi.co\/index.php\/arts-visuels-2\/jack-stencils\/\">JACK STENCILS<\/a><\/li>\n<\/ul>\n","protected":false},"excerpt":{"rendered":"<p>\u00ab\u00a0Pour celui qui contemple l&rsquo;univers avec des yeux d&rsquo;artiste, c&rsquo;est la gr\u00e2ce qui se lit \u00e0 travers la beaut\u00e9, et c&rsquo;est la bont\u00e9 qui transpara\u00eet sous la gr\u00e2ce\u00a0\u00bb Henri Bergson , La pens\u00e9e &amp; le mouvant, 1934 Des besoins pour : un nouveau visuel, une affiche de concert, de spectacle, une plaquette de saison, du [&hellip;]<\/p>\n","protected":false},"author":1,"featured_media":0,"parent":0,"menu_order":0,"comment_status":"closed","ping_status":"closed","template":"","meta":{"footnotes":""},"class_list":["post-467","page","type-page","status-publish","hentry"],"_links":{"self":[{"href":"https:\/\/www.tourmi.co\/index.php\/wp-json\/wp\/v2\/pages\/467","targetHints":{"allow":["GET"]}}],"collection":[{"href":"https:\/\/www.tourmi.co\/index.php\/wp-json\/wp\/v2\/pages"}],"about":[{"href":"https:\/\/www.tourmi.co\/index.php\/wp-json\/wp\/v2\/types\/page"}],"author":[{"embeddable":true,"href":"https:\/\/www.tourmi.co\/index.php\/wp-json\/wp\/v2\/users\/1"}],"replies":[{"embeddable":true,"href":"https:\/\/www.tourmi.co\/index.php\/wp-json\/wp\/v2\/comments?post=467"}],"version-history":[{"count":15,"href":"https:\/\/www.tourmi.co\/index.php\/wp-json\/wp\/v2\/pages\/467\/revisions"}],"predecessor-version":[{"id":909,"href":"https:\/\/www.tourmi.co\/index.php\/wp-json\/wp\/v2\/pages\/467\/revisions\/909"}],"wp:attachment":[{"href":"https:\/\/www.tourmi.co\/index.php\/wp-json\/wp\/v2\/media?parent=467"}],"curies":[{"name":"wp","href":"https:\/\/api.w.org\/{rel}","templated":true}]}}